{"id":9,"date":"2009-03-19T14:08:19","date_gmt":"2009-03-19T13:08:19","guid":{"rendered":"http:\/\/www.textundwort.at\/?page_id=9"},"modified":"2019-10-22T09:02:37","modified_gmt":"2019-10-22T07:02:37","slug":"ursula-inez-krebs","status":"publish","type":"page","link":"https:\/\/www.textundwort.at\/?page_id=9","title":{"rendered":"Ursula In\u00e9z Krebs"},"content":{"rendered":"<p><a href=\"http:\/\/www.textundwort.at\/?attachment_id=1576\" rel=\"attachment wp-att-1576\"><img loading=\"lazy\" class=\"alignright size-medium wp-image-1576\" title=\"kinz-krebs 2\" src=\"http:\/\/www.textundwort.at\/wp-content\/uploads\/2009\/03\/kinz-krebs-2-220x255.jpg\" alt=\"\" width=\"220\" height=\"255\" srcset=\"https:\/\/www.textundwort.at\/wp-content\/uploads\/2009\/03\/kinz-krebs-2-220x255.jpg 220w, https:\/\/www.textundwort.at\/wp-content\/uploads\/2009\/03\/kinz-krebs-2-518x600.jpg 518w, https:\/\/www.textundwort.at\/wp-content\/uploads\/2009\/03\/kinz-krebs-2.jpg 622w\" sizes=\"(max-width: 220px) 100vw, 220px\" \/><\/a><\/p>\n<p style=\"text-align: left;\"><span style=\"font-size: medium;\"><span style=\"color: #cc0000;\"><strong>Kompetenz<\/strong><\/span><\/span><\/p>\n<ul style=\"text-align: left;\">\n<li>seit 2015 Kommunikationspsychologin<\/li>\n<li>seit 2004 Kommunikationstrainerin und Coach<\/li>\n<li>seit 1986 Gesch\u00e4ftsf\u00fchrerin \u201eTop Script Medienb\u00fcro\u201c<\/li>\n<li>seit 1984 freie Journalistin und Autorin u.a. f\u00fcr Psychologie-, Gesundheits-, Reise- und Gourmetthemen<\/li>\n<li>Studium Kommunikationswissenschaft, Publizistik, Theaterwissenschaft in Wien und Toronto<\/li>\n<\/ul>\n<p style=\"text-align: left;\"><span style=\"font-size: medium;\"><span style=\"color: #cc0000;\"><strong>Qualifikation<\/strong><\/span><\/span><\/p>\n<ul style=\"text-align: left;\">\n<li>Kommunikationspsychologin (FH Bielefeld)<\/li>\n<li>Trainerin f\u00fcr Social Skills (BFI)<\/li>\n<li>reteaming Coach (reteaming international institute)<\/li>\n<li>NLP Practitioner (\u00d6TZ)<\/li>\n<li>System. Strukturaufstellerin nach Sparrer\/Kib\u00e9d (EAST)<\/li>\n<li>Weiterbildung in den Bereichen Kommunikation &amp; Kreativit\u00e4t (u.a. \u00d6PWZ, Art Didacta, Wiener Trainerakademie, Modeling &#8211; Robert Dilts, Provokatives Coaching &#8211; Frank Farrelly, Positive Psychologie &#8211; Martin Seligman)<\/li>\n<li>Women\u00b4s Studies &amp; Feminist Research \/ Feministisches Grundstudium am Rosa-Mayreder-College in Wien (RMC)<\/li>\n<\/ul>\n<p style=\"text-align: left;\"><span style=\"font-size: medium;\"><span style=\"color: #cc0000;\"><strong>Themenspektrum<\/strong><\/span><\/span><\/p>\n<ul style=\"text-align: left;\">\n<li>Kommunikationspsychologie f\u00fcr F\u00fchrungskr\u00e4fte<\/li>\n<li>Status-Training und Coaching mit dem Inneren Team (nach Schulz von Thun)<\/li>\n<li>Seminare &amp; Workshops in den Bereichen Kommunikation, Beziehungsmanagement und Pers\u00f6nlichkeitsentwicklung<\/li>\n<li>Gender-Kommunikation &#8211; Seminare &amp; Workshops zu M\u00e4nnersprache\/Frauensprache<\/li>\n<li>Schreib-Trainings &amp; Text-Coaching &#8211; von &#8222;Kreativ Schreiben&#8220; bis &#8222;Corporate Wording&#8220;<\/li>\n<li>Kreativ-Seminare &#8211; von &#8222;Kreativ denken \u2013 innovativ handeln&#8220; bis &#8222;Kreativ schreiben &#8211; wirkungsvoll\u00a0texten&#8220;<\/li>\n<li>Frauen Empowerment &#8211;\u00a0Seminare &amp; Workshops speziell f\u00fcr Frauen<\/li>\n<\/ul>\n","protected":false},"excerpt":{"rendered":"<p>Kompetenz seit 2015 Kommunikationspsychologin seit 2004 Kommunikationstrainerin und Coach seit 1986 Gesch\u00e4ftsf\u00fchrerin \u201eTop Script Medienb\u00fcro\u201c seit 1984 freie Journalistin und Autorin u.a. f\u00fcr Psychologie-, Gesundheits-, Reise- und Gourmetthemen Studium Kommunikationswissenschaft, Publizistik, Theaterwissenschaft in Wien und Toronto Qualifikation Kommunikationspsychologin (FH Bielefeld) Trainerin f\u00fcr Social Skills (BFI) reteaming Coach (reteaming international institute) NLP Practitioner (\u00d6TZ) System. Strukturaufstellerin [&hellip;]<\/p>\n","protected":false},"author":1,"featured_media":0,"parent":6,"menu_order":1,"comment_status":"closed","ping_status":"closed","template":"","meta":[],"_links":{"self":[{"href":"https:\/\/www.textundwort.at\/index.php?rest_route=\/wp\/v2\/pages\/9"}],"collection":[{"href":"https:\/\/www.textundwort.at\/index.php?rest_route=\/wp\/v2\/pages"}],"about":[{"href":"https:\/\/www.textundwort.at\/index.php?rest_route=\/wp\/v2\/types\/page"}],"author":[{"embeddable":true,"href":"https:\/\/www.textundwort.at\/index.php?rest_route=\/wp\/v2\/users\/1"}],"replies":[{"embeddable":true,"href":"https:\/\/www.textundwort.at\/index.php?rest_route=%2Fwp%2Fv2%2Fcomments&post=9"}],"version-history":[{"count":49,"href":"https:\/\/www.textundwort.at\/index.php?rest_route=\/wp\/v2\/pages\/9\/revisions"}],"predecessor-version":[{"id":2811,"href":"https:\/\/www.textundwort.at\/index.php?rest_route=\/wp\/v2\/pages\/9\/revisions\/2811"}],"up":[{"embeddable":true,"href":"https:\/\/www.textundwort.at\/index.php?rest_route=\/wp\/v2\/pages\/6"}],"wp:attachment":[{"href":"https:\/\/www.textundwort.at\/index.php?rest_route=%2Fwp%2Fv2%2Fmedia&parent=9"}],"curies":[{"name":"wp","href":"https:\/\/api.w.org\/{rel}","templated":true}]}}