{"id":724,"date":"2010-02-22T15:37:40","date_gmt":"2010-02-22T14:37:40","guid":{"rendered":"http:\/\/www.textundwort.at\/?page_id=724"},"modified":"2016-07-27T14:57:15","modified_gmt":"2016-07-27T12:57:15","slug":"redenlust-statt-redenfrust","status":"publish","type":"page","link":"https:\/\/www.textundwort.at\/?page_id=724","title":{"rendered":"Rede(n)Lust statt Rede(n)Frust"},"content":{"rendered":"<p><strong>So bringen Sie ihre Botschaft stressfrei, aber punktgenau ans Zielpublikum.<\/strong><\/p>\n<p><strong><span style=\"color: #cc0000;\">Warum?<\/span> <\/strong>In anglikanischen L\u00e4ndern gilt die Kunst der (freien) Rede als reizvolle Herausforderung. Denn unsere Zeit ist zu wertvoll, um belanglose Reden zu halten \u2013 oder solchen zuzuh\u00f6ren. Wer h\u00e4ufig vor Publikum spricht, braucht daher klare Konzepte, variable Strukturen und praktische Tools, um sein Ziel zu erreichen: Die Aufmerksamkeit der Zuh\u00f6rerInnen zu gewinnen und dabei die eigene Botschaft ebenso \u00fcberzeugend wie nachhaltig an den Mann\/die Frau zu bringen.<\/p>\n<p><span style=\"color: #cc0000;\"><strong>Was?<\/strong><\/span> <strong>In diesem Workshop<\/strong><\/p>\n<ul>\n<li>lernen Sie die <strong>Dynamik<\/strong> einer <strong>gelungenen Rede<\/strong> kennen und erleben, wie lustvoll \u00a0 \u00a0 \u00a0 \u00a0 \u00a0 \u00a0 \u00a0 \u00a0 \u00a0 \u00a0 \u00a0 \u00a0 \u00a0 \u00a0 \u00a0 \u00a0 \u00a0 \u00a0 das Spiel mit Worten sein kann,<\/li>\n<li>geben wir Ihnen <strong>einfache Tools<\/strong> zur Hand, mit deren Hilfe Sie ihre Reden optimieren,<\/li>\n<li>zeigen wir Ihnen Mittel und Wege, ihre <strong>\u00dcberzeugungskraft<\/strong> gezielt einzusetzen.<\/li>\n<\/ul>\n<p><span style=\"color: #cc0000;\"><strong>Wer? <\/strong><\/span>Dieser Rhetorik-Workshop in Kleingruppen ist ideal, wenn Sie regelm\u00e4\u00dfig vor Gruppen pr\u00e4sentieren m\u00fcssen und\/oder Vortr\u00e4ge halten.<\/p>\n<p><span style=\"color: #cc0000;\"><strong>Gruppengr\u00f6\u00dfe Seminar:<\/strong><\/span> bis zu 12 TeilnehmerInnen.<\/p>\n<p><strong><span style=\"color: #cc0000;\">Gruppengr\u00f6\u00dfe Intensiv-Workshop:<\/span><\/strong> bis zu 6 TeilnehmerInnen.<\/p>\n<p><span style=\"color: #cc0000;\"><strong>Form &amp; Dauer <\/strong><\/span><\/p>\n<p><strong>Seminar: <\/strong>1 Tag, Workshop mit Seminarcharakter (weniger praktische \u00dcbungen).<\/p>\n<p><strong>Intensiv-Workshop:<\/strong> 1 &#8211; 2 Tage, Praxis-Workshop mit individueller Beratung und Betreuung sowie zahlreichen Praxis\u00fcbungen. Die kleine Runde erm\u00f6glicht es, jeder Teilnehmerin\/jedem Teilnehmer gen\u00fcgend Pr\u00e4sentations-Zeit (inkl. Feedback-Runden) zu geben.<\/p>\n<p style=\"text-align: left;\"><span style=\"color: #cc0000;\"><strong>Kosten Firmen-\/Inhouse Seminare: <\/strong><\/span>Bitte kontaktieren Sie uns per Mail oder Telefon. Wir erstellen f\u00fcr Sie gerne ein individuelles Angebot &#8211; auf Ihre W\u00fcnsche und Bed\u00fcrfnisse zugeschnitten, basierend auf Teilnehmerzahl und Gruppenzusammensetzung.<\/p>\n<p style=\"text-align: left;\">Das Angebot enth\u00e4lt s\u00e4mtliche Leistungen: Trainerhonorar und eventuell anfallende Spesen, Konzeption und Nachbereitung, ausf\u00fchrliche Seminarunterlagen und Feedbackb\u00f6gen.<\/p>\n","protected":false},"excerpt":{"rendered":"<p>So bringen Sie ihre Botschaft stressfrei, aber punktgenau ans Zielpublikum.<\/p>\n","protected":false},"author":3,"featured_media":0,"parent":86,"menu_order":9,"comment_status":"closed","ping_status":"closed","template":"","meta":[],"_links":{"self":[{"href":"https:\/\/www.textundwort.at\/index.php?rest_route=\/wp\/v2\/pages\/724"}],"collection":[{"href":"https:\/\/www.textundwort.at\/index.php?rest_route=\/wp\/v2\/pages"}],"about":[{"href":"https:\/\/www.textundwort.at\/index.php?rest_route=\/wp\/v2\/types\/page"}],"author":[{"embeddable":true,"href":"https:\/\/www.textundwort.at\/index.php?rest_route=\/wp\/v2\/users\/3"}],"replies":[{"embeddable":true,"href":"https:\/\/www.textundwort.at\/index.php?rest_route=%2Fwp%2Fv2%2Fcomments&post=724"}],"version-history":[{"count":15,"href":"https:\/\/www.textundwort.at\/index.php?rest_route=\/wp\/v2\/pages\/724\/revisions"}],"predecessor-version":[{"id":728,"href":"https:\/\/www.textundwort.at\/index.php?rest_route=\/wp\/v2\/pages\/724\/revisions\/728"}],"up":[{"embeddable":true,"href":"https:\/\/www.textundwort.at\/index.php?rest_route=\/wp\/v2\/pages\/86"}],"wp:attachment":[{"href":"https:\/\/www.textundwort.at\/index.php?rest_route=%2Fwp%2Fv2%2Fmedia&parent=724"}],"curies":[{"name":"wp","href":"https:\/\/api.w.org\/{rel}","templated":true}]}}