{"id":33,"date":"2009-03-27T16:24:36","date_gmt":"2009-03-27T15:24:36","guid":{"rendered":"http:\/\/www.textundwort.at\/?page_id=33"},"modified":"2011-03-07T10:40:02","modified_gmt":"2011-03-07T09:40:02","slug":"netzwerk","status":"publish","type":"page","link":"https:\/\/www.textundwort.at\/?page_id=33","title":{"rendered":"Netzwerk"},"content":{"rendered":"<p>\u201eKlein, aber fein\u201c ist das Motto, wenn es um die Zahl unserer KooperationspartnerInnen geht. Gerne &#8211; und erfolgreich &#8211; arbeiten wir mit diesen ausgew\u00e4hlten SpezialistInnen aus unterschiedlichen Fachbereichen. Projektbezogen erg\u00e4nzen und erweitern sie unser Seminar-Angebot.<\/p>\n<ul>\n<li>Mag. Brigitte Weiss &#8211; Spezialistin f\u00fcr Markenentwicklung, Tourismus- und Genussmarketing<br \/>\n<a href=\"http:\/\/www.markenbuero.at\/cms\/home.html\">www.markenbuero.at<\/a><\/li>\n<li>Bettina Barth-Wehrenalp \u2013 Spezialistin f\u00fcr Kommunikationstrainings, Sprecherin und Schauspielerin<br \/>\n<a href=\"http:\/\/www.barth-wehrenalp.at\/\">www.barth-wehrenalp.at<\/a><\/li>\n<li>Mag. Tanja Rosenberger &#8211; Spezialistin f\u00fcr PR &amp; Event<br \/>\n<a href=\"http:\/\/www.korn-pr.at\/\">www.korn-pr.at<\/a><\/li>\n<li>Frauenb\u00fcro &#8211; Spezialistinnen f\u00fcr Text\/Journalismus<br \/>\n<a href=\"http:\/\/frauenbuero.at\/\">www.frauenbuero.at <\/a><\/li>\n<li>Mag. Caroline Klima &#8211; Spezialistin f\u00fcr Buchbeitr\u00e4ge und \u00dcbersetzungen, Korrekturlesen und Lektorat<br \/>\n<a href=\"http:\/\/carolines.at\/\">www.carolines.at <\/a><\/li>\n<\/ul>\n","protected":false},"excerpt":{"rendered":"<p>\u201eKlein, aber fein\u201c ist das Motto, wenn es um die Zahl unserer KooperationspartnerInnen geht. Gerne &#8211; und erfolgreich &#8211; arbeiten wir mit diesen ausgew\u00e4hlten SpezialistInnen aus unterschiedlichen Fachbereichen. Projektbezogen erg\u00e4nzen und erweitern sie unser Seminar-Angebot. Mag. Brigitte Weiss &#8211; Spezialistin f\u00fcr Markenentwicklung, Tourismus- und Genussmarketing www.markenbuero.at Bettina Barth-Wehrenalp \u2013 Spezialistin f\u00fcr Kommunikationstrainings, Sprecherin und Schauspielerin [&hellip;]<\/p>\n","protected":false},"author":1,"featured_media":0,"parent":6,"menu_order":3,"comment_status":"closed","ping_status":"closed","template":"","meta":[],"_links":{"self":[{"href":"https:\/\/www.textundwort.at\/index.php?rest_route=\/wp\/v2\/pages\/33"}],"collection":[{"href":"https:\/\/www.textundwort.at\/index.php?rest_route=\/wp\/v2\/pages"}],"about":[{"href":"https:\/\/www.textundwort.at\/index.php?rest_route=\/wp\/v2\/types\/page"}],"author":[{"embeddable":true,"href":"https:\/\/www.textundwort.at\/index.php?rest_route=\/wp\/v2\/users\/1"}],"replies":[{"embeddable":true,"href":"https:\/\/www.textundwort.at\/index.php?rest_route=%2Fwp%2Fv2%2Fcomments&post=33"}],"version-history":[{"count":12,"href":"https:\/\/www.textundwort.at\/index.php?rest_route=\/wp\/v2\/pages\/33\/revisions"}],"predecessor-version":[{"id":186,"href":"https:\/\/www.textundwort.at\/index.php?rest_route=\/wp\/v2\/pages\/33\/revisions\/186"}],"up":[{"embeddable":true,"href":"https:\/\/www.textundwort.at\/index.php?rest_route=\/wp\/v2\/pages\/6"}],"wp:attachment":[{"href":"https:\/\/www.textundwort.at\/index.php?rest_route=%2Fwp%2Fv2%2Fmedia&parent=33"}],"curies":[{"name":"wp","href":"https:\/\/api.w.org\/{rel}","templated":true}]}}