{"id":2037,"date":"2016-07-19T12:51:08","date_gmt":"2016-07-19T10:51:08","guid":{"rendered":"http:\/\/www.textundwort.at\/?page_id=2037"},"modified":"2017-09-28T14:29:38","modified_gmt":"2017-09-28T12:29:38","slug":"typengerecht-kommunizieren-ueberzeugend-argumentieren-4-farben-sprache-5-finger-rhetorik","status":"publish","type":"page","link":"https:\/\/www.textundwort.at\/?page_id=2037","title":{"rendered":"Spezial: Colour Tune System (CTS) und Pocket-Rhetorik:  4-Farben-Sprache &#038; 5-Finger-Argumentation"},"content":{"rendered":"<p><strong>Sprache als Erfolgsfaktor. Sprache als Machtfaktor. Typengerechte Kommunikation nach Farben entscheidet \u00fcber die Wirkung Ihrer Worte. Pr\u00e4gnante Pocket-Rhetorik sorgt f\u00fcr Ihren starken Auftritt.<\/strong><\/p>\n<p><span style=\"color: #a32222;\"><strong>Warum?\u00a0<\/strong><\/span>WAS wir sagen ist wichtig. Noch wichtiger ist allerdings, WIE wir etwas sagen. Zwei Monologe werden nur dann zum Dialog, wenn beide Gespr\u00e4chsteilnehmer dieselbe Sprache sprechen.<\/p>\n<p>Und das hei\u00dft: Die eigenen Kommunikationsmuster (er-)kennen. Die Sprachmuster des Gegen\u00fcbers entschl\u00fcsseln. Den Kommunikationsstil den jeweiligen Gegebenheiten anpassen. Und damit nicht nur zueinander finden und einander verstehen, sondern auch das eigene Handlungs- und Kommunikationsrepertoire erweitern.<\/p>\n<p>Gleichzeitig gilt: Wer \u00fcberzeugen will, braucht stichhaltige Argumente \u2013 und selbstbewusstes Auftreten. F\u00fcr umfassende Erkl\u00e4rungen bleibt im normalen Arbeitsalltag aber selten Zeit. Die perfekte Alternative: 5-Finger-Rhetorik. Denn unser Kurzzeitged\u00e4chtnis kann maximal f\u00fcnf Kerninformationen speichern. Die 5-Finger-Rhetorik macht sich dieses Wissen zunutze und bildet eine schl\u00fcssige Argumentationskette, bei der jeder Finger f\u00fcr einen Gedanken (und einen Denkschritt) steht: Ist-Zustand, Ziel, Weg, Nutzen und emotionaler Appell.<\/p>\n<p><span style=\"color: #b81a1a;\"><strong>Ihr Nutzen:<\/strong><\/span><\/p>\n<ul>\n<li>Sie Sie erkennen Ihren eigenen \u201eSprach-Typ\u201c \u2013 und lernen, unterschiedliche Kommunikationstypen anhand ihrer bevorzugten Sprachorientierung zu identifizieren.<\/li>\n<li>Sie entwickeln ein Gesp\u00fcr f\u00fcr die kommunikativen Bed\u00fcrfnisse und den \u201ementalen Bezugsrahmen\u201c Ihrer Gespr\u00e4chspartnerInnen.<\/li>\n<li>Sie finden mit Colour Tune System (CTS) \u2013 Kommunikation nach Farben \u2013 zielgruppenspezifische Zug\u00e4nge: 1 Thema \u2013 4 Typen \u2013 4 L\u00f6sungsans\u00e4tze.<\/li>\n<li>Sie n\u00fctzen die Farbtypologie im Berufsalltag: Im Dialog. Im Schriftverkehr.<\/li>\n<li>Sie bringen Ihre Gedanken mittels Pocket-Rhetorik in 5 Schritten auf den Punkt: 5 Finger \u2013 5 S\u00e4tze \u2013 5 \u00fcberzeugende Argumente.<\/li>\n<\/ul>\n<p><strong><span style=\"color: #b81a1a;\">Lernziele:<\/span> <em>4-Farben-Sprache &amp; 5-Finger-Rhetorik: Kommunizieren Sie ohne Missverst\u00e4ndnisse!<\/em><\/strong><\/p>\n<ul>\n<li><strong>Erzeugen<\/strong> Sie mit W\u00f6rtern <strong>Wirkung <\/strong>\u2013 bewusst gew\u00e4hlt, zielgruppengerecht eingesetzt.<\/li>\n<li>Kommen Sie Ihrem <strong>Sprach-Typ <\/strong>auf die Spur \u2013 erkennen Sie Ihre <strong>Kommunikationsmuster.<\/strong><\/li>\n<li>Nutzen Sie die <strong>suggestive Kraft<\/strong> von <strong>Wort-Bildern<\/strong> \u2013 knipsen Sie das <strong>\u201eKopf-Kino\u201c<\/strong> Ihrer Zuh\u00f6rerInnen an.<\/li>\n<li>Spitzen Sie Ihre <strong>Ohren<\/strong>, bevor Sie <strong>Fragen<\/strong> stellen \u2013 wer reden will muss <strong>(zu-)h\u00f6ren<\/strong> k\u00f6nnen.<\/li>\n<li>Nutzen Sie die <strong>Profi-Tipps<\/strong> aus der <strong>Praxis<\/strong>, um zwei Monologe in einen <strong>erfolgreichen<\/strong> <strong>Dialog<\/strong> zu verwandeln. Authentisch. Situationsgerecht. Nachhaltig.<\/li>\n<\/ul>\n<p><span style=\"color: #b81a1a;\"><strong>Inhalte des Trainings:\u00a0<\/strong><\/span><\/p>\n<p><strong><span style=\"color: #333333;\">Macht der Sprache: 4 Aspekte &amp; 4 Ohren<\/span> &#8211;\u00a0<\/strong>Kommunikationsmodelle \u2013 von Watzlawick bis Schulz von Thun &#8211;\u00a0Kommunikative Kompetenz \u2013 vom Wollen zum K\u00f6nnen<\/p>\n<p><strong><span style=\"color: #333333;\">Die Macht der Worte: 4 Farben &amp; 4 Typen<\/span> &#8211;\u00a0<\/strong>W\u00f6rter erzeugen Wirkung &#8211;\u00a0Colour Tune System (CTS) \u2013 Kommunikation nach Farben &#8211;\u00a04 Farben \u2013 4 Typen \u2013 4 Strategien &#8211;\u00a0Macht der Worte \u2013 Praxis<\/p>\n<p><strong><span style=\"color: #333333;\">Macht der Haltung: 4 Settings &amp; 4 Status-Rollen<\/span> &#8211;\u00a0<\/strong>Ideal der Stimmigkeit \u2013 authentisch &amp; situationsgerecht &#8211;\u00a0Vom Guten im Schlechten \u2013 das Wartequadrat &#8211;\u00a0Status-Modell \u2013 Charismatikerin oder Teamplaner? &#8211;\u00a0Haltung zeigen \u2013 Haltung bewahren: K\u00f6rpersprache, Mimik, Gestik &#8211;\u00a0Bewegung auf der Status-Wippe \u2013 gelebte Beziehungsgestaltung<\/p>\n<p><strong><span style=\"color: #333333;\">Die Macht der \u00dcberzeugung: 5 Finger &amp; 5 Argumente<\/span> &#8211;\u00a0<\/strong>Kognition oder Emotion \u2013 was \u00fcberzeugt? &#8211;\u00a0Empathie als Erfolgsfaktor &#8211;\u00a0Konstruktive Gespr\u00e4chskultur \u2013 vom Zuh\u00f6ren &amp; Fragen stellen &#8211;\u00a0Jeder Finger ein Gedanke \u2013 Pocket-Rhetorik &#8211;\u00a0Punktgenau formuliert \u2013 Analyse, Ziel, Weg, Nutzen und Appell<\/p>\n<p>&nbsp;<\/p>\n<p><span style=\"color: #b81a1a;\"><strong>Dauer &amp; Form:<\/strong><\/span><\/p>\n<p><strong>1-Tages-Seminar:<\/strong>\u00a0Workshop mit praxisnahen Arbeits- und \u00dcbungseinheiten<\/p>\n<p><strong>2-Tages-Intensiv-Workshop<\/strong>: Impulsvortr\u00e4ge, Einzel- und Gruppenarbeiten, Diskussions- und Feedbackrunden aus der eigenen Erfahrungswelt der TeilnehmerInnen, \u00dcbungsdialoge und Rollenspiele<\/p>\n<p><span style=\"color: #a32222;\"><strong>Kosten Firmen-\/Inhouse Seminare:<\/strong>\u00a0<\/span>Bitte kontaktieren Sie uns per Mail oder Telefon. Wir erstellen f\u00fcr Sie gerne ein individuelles Angebot \u2013 auf Ihre W\u00fcnsche und Bed\u00fcrfnisse zugeschnitten, basierend auf Teilnehmerzahl und Gruppenzusammensetzung.<\/p>\n<p>Das Angebot enth\u00e4lt s\u00e4mtliche Leistungen: Trainerhonorar und eventuell anfallende Spesen, Konzeption und Nachbereitung, ausf\u00fchrliche Seminarunterlagen und Feedbackb\u00f6gen.<\/p>\n","protected":false},"excerpt":{"rendered":"<p>Sprache als Erfolgsfaktor. Sprache als Machtfaktor. Typengerechte Kommunikation nach Farben entscheidet \u00fcber die Wirkung Ihrer Worte. Pr\u00e4gnante Pocket-Rhetorik sorgt f\u00fcr Ihren starken Auftritt. Warum?\u00a0WAS wir sagen ist wichtig. Noch wichtiger ist allerdings, WIE wir etwas sagen. Zwei Monologe werden nur dann zum Dialog, wenn beide Gespr\u00e4chsteilnehmer dieselbe Sprache sprechen. Und das hei\u00dft: Die eigenen Kommunikationsmuster [&hellip;]<\/p>\n","protected":false},"author":4,"featured_media":0,"parent":86,"menu_order":5,"comment_status":"closed","ping_status":"closed","template":"","meta":[],"_links":{"self":[{"href":"https:\/\/www.textundwort.at\/index.php?rest_route=\/wp\/v2\/pages\/2037"}],"collection":[{"href":"https:\/\/www.textundwort.at\/index.php?rest_route=\/wp\/v2\/pages"}],"about":[{"href":"https:\/\/www.textundwort.at\/index.php?rest_route=\/wp\/v2\/types\/page"}],"author":[{"embeddable":true,"href":"https:\/\/www.textundwort.at\/index.php?rest_route=\/wp\/v2\/users\/4"}],"replies":[{"embeddable":true,"href":"https:\/\/www.textundwort.at\/index.php?rest_route=%2Fwp%2Fv2%2Fcomments&post=2037"}],"version-history":[{"count":13,"href":"https:\/\/www.textundwort.at\/index.php?rest_route=\/wp\/v2\/pages\/2037\/revisions"}],"predecessor-version":[{"id":2074,"href":"https:\/\/www.textundwort.at\/index.php?rest_route=\/wp\/v2\/pages\/2037\/revisions\/2074"}],"up":[{"embeddable":true,"href":"https:\/\/www.textundwort.at\/index.php?rest_route=\/wp\/v2\/pages\/86"}],"wp:attachment":[{"href":"https:\/\/www.textundwort.at\/index.php?rest_route=%2Fwp%2Fv2%2Fmedia&parent=2037"}],"curies":[{"name":"wp","href":"https:\/\/api.w.org\/{rel}","templated":true}]}}