{"id":1808,"date":"2015-11-11T13:54:06","date_gmt":"2015-11-11T12:54:06","guid":{"rendered":"http:\/\/www.textundwort.at\/?page_id=1808"},"modified":"2021-02-19T14:58:40","modified_gmt":"2021-02-19T13:58:40","slug":"gut-aufgestellt","status":"publish","type":"page","link":"https:\/\/www.textundwort.at\/?page_id=1808","title":{"rendered":"Gut aufgestellt &#8211; Begegnen Sie Ihrem Inneren Team"},"content":{"rendered":"<h4><strong>Selbstcoaching mit dem Modell des Inneren Teams<\/strong><\/h4>\n<p><span style=\"font-family: arial,helvetica,sans-serif;\"><strong><span style=\"color: #cc0000;\">Ziel:<\/span><\/strong>\u00a0<\/span>Wenn kleine oder gro\u00dfe Entscheidungen anstehen, wenn es darum geht, schnell auf eine unerwartete Situation zu reagieren, wenn zu viele Optionen den Blick auf das Wesentliche verstellen &#8211; dann melden sich oft sehr unterschiedliche, widerspr\u00fcchliche innere Stimmen zu Wort.<\/p>\n<p>Diese Stimmen repr\u00e4sentieren die unterschiedlichen Anteile unserer Pers\u00f6nlichkeit, die \u201ezwei Seelen\u201c (und mehr) in unserer Brust. Das macht es manchmal schwer, \u201estimmig\u201c zu reagieren. Doch die unterschiedlichen Mitglieder dieses \u201eInneren Teams\u201c sind gleichzeitig wertvolle Ressourcen und stellen eine gro\u00dfes inneres Potential dar.<\/p>\n<p>Dieser Workshop bietet den TeilnehmerInnen die Gelegenheit, ihr \u201eInneres Team\u201c besser kennenzulernen: Die \u201eHauptdarsteller\u201c, die den Auftritt nach au\u00dfen managen \u2013 z. B. die\u00a0<i>Gelassene<\/i>, der <i>berufliche Profi<\/i>, die <i>Optimistin <\/i>oder das <i>Zugpferd<\/i>. Aber auch das \u201eberufliche Schattenkabinett\u201c im Hintergrund \u2013 z. B. der <i>Zweifler<\/i>, die <i>Ungeduldige <\/i>oder der <i>Ersch\u00f6pfte<\/i>. Die Selbstkl\u00e4rung mittels Reflexion erm\u00f6glicht es, den inneren Stimmen auf den Grund zu gehen. Beim Selbstcoaching wird das Innere Team, passend zu verschiedenen Situationen und Zielgruppen, ganz bewusst \u201eaufgestellt\u201c, um kraftvoll zu handeln und stimmig zu kommunizieren.<\/p>\n<p><strong><span style=\"font-family: arial,helvetica,sans-serif;\"><strong><span style=\"color: #cc0000;\">Inhalte:<\/span><\/strong>\u00a0<\/span><\/strong><\/p>\n<ul>\n<li><strong>Was versteht<\/strong> man unter dem <strong>\u201eInneren Team\u201c<\/strong>? Wer steht auf meiner \u201einneren B\u00fchne\u201c \u2013 und <strong>wer gibt<\/strong> in meinem Team <strong>den Ton an<\/strong>?<\/li>\n<\/ul>\n<ul>\n<li>Wie <strong>funktioniert<\/strong> die innere <strong>\u201eTeamdynamik\u201c<\/strong>? Wie gestalte ich meine Rollen so, dass ich <strong>innerlich<\/strong> und <strong>\u00e4u\u00dferlich<\/strong> in guter <strong>Balance<\/strong> bleibe?<\/li>\n<\/ul>\n<ul>\n<li>\u00a0Welche unterschiedlichen <strong>Pers\u00f6nlichkeitsanteile<\/strong> kommen im Job zum Vorschein?<\/li>\n<\/ul>\n<ul>\n<li>\u00a0Wie sieht mein <strong>\u201eEmpfangskomitee\u201c<\/strong> in unterschiedlichen beruflichen Situationen aus und wie mein <strong>\u201eberufliches Schattenkabinett\u201c<\/strong>?<\/li>\n<\/ul>\n<ul>\n<li>\u00a0Wie kann ich die innere <strong>Vielfalt<\/strong> und die <strong>St\u00e4rken<\/strong> meiner Teammitglieder im <strong>Umgang<\/strong> mit <strong>KollegInnen, MitarbeiterInnen<\/strong> und\/oder <strong>KundInnen<\/strong> <strong>nutzen<\/strong>?<\/li>\n<\/ul>\n<p>&nbsp;<\/p>\n<p style=\"text-align: left;\"><span style=\"font-family: arial,helvetica,sans-serif;\"><span style=\"color: #cc0000;\"><strong>Dauer &amp; Form:<\/strong><\/span><\/span><\/p>\n<p style=\"text-align: left;\"><span style=\"font-family: arial,helvetica,sans-serif;\"><strong>1-Tages-Seminar:<\/strong>\u00a0Workshop mit kurzen Arbeits- und \u00dcbungseinheiten<\/span><\/p>\n<p><span style=\"font-family: arial,helvetica,sans-serif;\"><strong>2-Tages-Seminar:<\/strong>\u00a0Workshop imit praxisnahen\u00a0<\/span>\u00dcbungen aus dem Arbeitsalltag der TeilnehmerInnen, Einzel- und Gruppenarbeiten, Selbstcoaching im Team\u00a0und Feedbackrunden.<\/p>\n<p style=\"text-align: left;\"><span style=\"font-family: arial,helvetica,sans-serif;\"><span style=\"color: #cc0000;\"><strong>Kosten Firmen-\/Inhouse Seminare:<\/strong><\/span>\u00a0Bitte kontaktieren Sie uns per Mail oder Telefon. Wir erstellen f\u00fcr Sie gerne ein individuelles Angebot \u2013 auf Ihre W\u00fcnsche und Bed\u00fcrfnisse zugeschnitten, basierend auf Teilnehmerzahl und Gruppenzusammensetzung.<br \/>\n<\/span><\/p>\n<p style=\"text-align: left;\"><span style=\"font-family: arial,helvetica,sans-serif;\">Das Angebot enth\u00e4lt s\u00e4mtliche Leistungen: Trainerhonorar und eventuell anfallende Spesen, Konzeption und Nachbereitung, ausf\u00fchrliche Seminarunterlagen und Feedbackb\u00f6gen.<\/span><\/p>\n","protected":false},"excerpt":{"rendered":"<p>Selbstcoaching mit dem Modell des Inneren Teams Ziel:\u00a0Wenn kleine oder gro\u00dfe Entscheidungen anstehen, wenn es darum geht, schnell auf eine unerwartete Situation zu reagieren, wenn zu viele Optionen den Blick auf das Wesentliche verstellen &#8211; dann melden sich oft sehr unterschiedliche, widerspr\u00fcchliche innere Stimmen zu Wort. Diese Stimmen repr\u00e4sentieren die unterschiedlichen Anteile unserer Pers\u00f6nlichkeit, die [&hellip;]<\/p>\n","protected":false},"author":4,"featured_media":0,"parent":1787,"menu_order":4,"comment_status":"closed","ping_status":"closed","template":"","meta":[],"_links":{"self":[{"href":"https:\/\/www.textundwort.at\/index.php?rest_route=\/wp\/v2\/pages\/1808"}],"collection":[{"href":"https:\/\/www.textundwort.at\/index.php?rest_route=\/wp\/v2\/pages"}],"about":[{"href":"https:\/\/www.textundwort.at\/index.php?rest_route=\/wp\/v2\/types\/page"}],"author":[{"embeddable":true,"href":"https:\/\/www.textundwort.at\/index.php?rest_route=\/wp\/v2\/users\/4"}],"replies":[{"embeddable":true,"href":"https:\/\/www.textundwort.at\/index.php?rest_route=%2Fwp%2Fv2%2Fcomments&post=1808"}],"version-history":[{"count":8,"href":"https:\/\/www.textundwort.at\/index.php?rest_route=\/wp\/v2\/pages\/1808\/revisions"}],"predecessor-version":[{"id":3083,"href":"https:\/\/www.textundwort.at\/index.php?rest_route=\/wp\/v2\/pages\/1808\/revisions\/3083"}],"up":[{"embeddable":true,"href":"https:\/\/www.textundwort.at\/index.php?rest_route=\/wp\/v2\/pages\/1787"}],"wp:attachment":[{"href":"https:\/\/www.textundwort.at\/index.php?rest_route=%2Fwp%2Fv2%2Fmedia&parent=1808"}],"curies":[{"name":"wp","href":"https:\/\/api.w.org\/{rel}","templated":true}]}}