{"id":1132,"date":"2013-06-26T10:40:30","date_gmt":"2013-06-26T08:40:30","guid":{"rendered":"http:\/\/www.textundwort.at\/?page_id=1132"},"modified":"2017-09-28T14:31:36","modified_gmt":"2017-09-28T12:31:36","slug":"erfolgreich-kommunizieren-damit-wir-einander-verstehen","status":"publish","type":"page","link":"https:\/\/www.textundwort.at\/?page_id=1132","title":{"rendered":"Basisworkshop: Erfolgreich kommunizieren. Damit wir einander verstehen."},"content":{"rendered":"<p><strong>Grundlagen effektiver Kommunikation <\/strong><\/p>\n<p><span style=\"font-family: arial,helvetica,sans-serif;\"><strong><span style=\"color: #cc0000;\">Warum?<\/span><\/strong> <\/span>Wir kommunizieren t\u00e4glich \u2013 doch oft genug reden wir dabei aneinander vorbei. Denn nicht jede Information, die losgeschickt wird, kommt auch bei der Zuh\u00f6rerin\/dem Zuh\u00f6rer an. Damit wir nicht nur geh\u00f6rt, sondern auch verstanden werden, m\u00fcssen Informationen so \u201everpackt\u201c sein, dass sie von der Empf\u00e4ngerin\/dem Empf\u00e4nger sowohl intellektuell als auch emotional begriffen werden k\u00f6nnen. In diesem Basisworkshop werden die Grundlagen effektiver Kommunikation vermittelt.<\/p>\n<p><strong><span style=\"font-family: arial,helvetica,sans-serif;\"><strong><span style=\"color: #cc0000;\">Was?<\/span><\/strong> <\/span>In diesem Workshop lernen und \u00fcben die TeilnehmerInnen<\/strong><\/p>\n<ul>\n<li>Einf\u00fchrung in die wichtigsten <strong>Kommunikationsmodelle<\/strong> (Watzlawick bis Schulz von Thun)<\/li>\n<li>das eigene <strong>Kommunikationsverhalten<\/strong> zu reflektieren<\/li>\n<li>den Einfluss <strong>non-verbaler Kommunikation<\/strong> richtig einzusch\u00e4tzen<\/li>\n<li>Methoden der <strong>konstruktiven Gespr\u00e4chssteuerung<\/strong> gezielt anzuwenden<\/li>\n<li><strong>L\u00f6sungsstrategien<\/strong> f\u00fcr kommunikative Missverst\u00e4ndnisse zu entwickeln<\/li>\n<\/ul>\n<p style=\"text-align: left;\"><span style=\"font-family: arial,helvetica,sans-serif;\"><strong><span style=\"color: #cc0000;\">Wer?<\/span><\/strong> Dieser Basisworkshop ist ideal, wenn Sie Ihr Kommunikations- und Handlungsrepertoire erweitern und Ihre kommunikative Kompetenz optimieren wollen.<\/span><\/p>\n<p style=\"text-align: left;\"><span style=\"font-family: arial,helvetica,sans-serif;\"><span style=\"color: #cc0000;\"><strong>Teilnehmerzahl:<\/strong><\/span> bis zu 15 TeilnehmerInnen <\/span><\/p>\n<p style=\"text-align: left;\"><span style=\"font-family: arial,helvetica,sans-serif;\"><span style=\"color: #cc0000;\"><strong>Dauer &amp; Form:<\/strong><\/span> <\/span><\/p>\n<p style=\"text-align: left;\"><span style=\"font-family: arial,helvetica,sans-serif;\"><strong>Kurzvariante<\/strong>: 4 Stunden: Powerpoint-Impulsvortrag mit 1 &#8211; 2 \u00dcbungseinheiten (Follow-up empfohlen)<\/span><\/p>\n<p style=\"text-align: left;\"><span style=\"font-family: arial,helvetica,sans-serif;\"><strong>1-Tages-Seminar:<\/strong> Workshop mit praxisnahen Arbeits- und \u00dcbungseinheiten<\/span><\/p>\n<p style=\"text-align: left;\"><span style=\"font-family: arial,helvetica,sans-serif;\"><span style=\"color: #cc0000;\"><strong>Kosten Firmen-\/Inhouse Seminare:<\/strong><\/span> Bitte kontaktieren Sie uns per Mail oder Telefon. Wir erstellen f\u00fcr Sie gerne ein individuelles Angebot \u2013 auf Ihre W\u00fcnsche und Bed\u00fcrfnisse zugeschnitten, basierend auf Teilnehmerzahl und Gruppenzusammensetzung.<br \/>\n<\/span><\/p>\n<p style=\"text-align: left;\"><span style=\"font-family: arial,helvetica,sans-serif;\">Das Angebot enth\u00e4lt s\u00e4mtliche Leistungen: Trainerhonorar und eventuell anfallende Spesen, Konzeption und Nachbereitung, ausf\u00fchrliche Seminarunterlagen und Feedbackb\u00f6gen.<\/span><\/p>\n","protected":false},"excerpt":{"rendered":"<p>Grundlagen effektiver Kommunikation <\/p>\n","protected":false},"author":5,"featured_media":0,"parent":86,"menu_order":3,"comment_status":"closed","ping_status":"closed","template":"","meta":[],"_links":{"self":[{"href":"https:\/\/www.textundwort.at\/index.php?rest_route=\/wp\/v2\/pages\/1132"}],"collection":[{"href":"https:\/\/www.textundwort.at\/index.php?rest_route=\/wp\/v2\/pages"}],"about":[{"href":"https:\/\/www.textundwort.at\/index.php?rest_route=\/wp\/v2\/types\/page"}],"author":[{"embeddable":true,"href":"https:\/\/www.textundwort.at\/index.php?rest_route=\/wp\/v2\/users\/5"}],"replies":[{"embeddable":true,"href":"https:\/\/www.textundwort.at\/index.php?rest_route=%2Fwp%2Fv2%2Fcomments&post=1132"}],"version-history":[{"count":16,"href":"https:\/\/www.textundwort.at\/index.php?rest_route=\/wp\/v2\/pages\/1132\/revisions"}],"predecessor-version":[{"id":2062,"href":"https:\/\/www.textundwort.at\/index.php?rest_route=\/wp\/v2\/pages\/1132\/revisions\/2062"}],"up":[{"embeddable":true,"href":"https:\/\/www.textundwort.at\/index.php?rest_route=\/wp\/v2\/pages\/86"}],"wp:attachment":[{"href":"https:\/\/www.textundwort.at\/index.php?rest_route=%2Fwp%2Fv2%2Fmedia&parent=1132"}],"curies":[{"name":"wp","href":"https:\/\/api.w.org\/{rel}","templated":true}]}}