{"id":98,"date":"2009-03-28T13:21:21","date_gmt":"2009-03-28T12:21:21","guid":{"rendered":"http:\/\/www.textundwort.at\/?page_id=98"},"modified":"2011-03-07T11:00:14","modified_gmt":"2011-03-07T10:00:14","slug":"feinschliff-fur-online-texte","status":"publish","type":"page","link":"http:\/\/www.textundwort.at\/?page_id=98","title":{"rendered":"Online-Text-Tuning"},"content":{"rendered":"<p><span style=\"color: #cc0000;\"><strong>Sie<\/strong><\/span> schicken uns einen Text (oder auch mehrere Texte). Online &#8211; als Word-Dokument oder PDF-Datei.<\/p>\n<p><span style=\"color: #cc0000;\"><strong>Wir <\/strong><\/span>\u201etunen\u201c ihn. Unser Service reicht je nach Wunsch und Absprache von der kompletten \u00dcberarbeitung bis zum stilistischen Feintuning.<\/p>\n<p><span style=\"color: #cc0000;\"><strong>Zeitaufwand:<\/strong><\/span> nach Absprache &#8211; Minimum 3 Arbeitstage, Maximum 5 Arbeitstage. Schnellere Lieferung &#8211; siehe Express-Service.<\/p>\n<p style=\"text-align: left;\"><span style=\"color: #cc0000;\"><strong>Kosten f\u00fcr ein Online-Text-Tuning: <\/strong><\/span>Bitte kontaktieren Sie uns per Mail oder Telefon. Wir erstellen f\u00fcr Sie gerne ein individuelles Angebot &#8211; auf Ihre W\u00fcnsche und Bed\u00fcrfnisse zugeschnitten, basierend auf der Zeichenanzahl.<\/p>\n","protected":false},"excerpt":{"rendered":"<p>Sie haben etwas Zeit? Wir &#8222;tunen&#8220; Ihren Text in maximal 5 Arbeitstagen.<\/p>\n","protected":false},"author":1,"featured_media":0,"parent":84,"menu_order":1,"comment_status":"closed","ping_status":"closed","template":"","meta":[],"_links":{"self":[{"href":"http:\/\/www.textundwort.at\/index.php?rest_route=\/wp\/v2\/pages\/98"}],"collection":[{"href":"http:\/\/www.textundwort.at\/index.php?rest_route=\/wp\/v2\/pages"}],"about":[{"href":"http:\/\/www.textundwort.at\/index.php?rest_route=\/wp\/v2\/types\/page"}],"author":[{"embeddable":true,"href":"http:\/\/www.textundwort.at\/index.php?rest_route=\/wp\/v2\/users\/1"}],"replies":[{"embeddable":true,"href":"http:\/\/www.textundwort.at\/index.php?rest_route=%2Fwp%2Fv2%2Fcomments&post=98"}],"version-history":[{"count":15,"href":"http:\/\/www.textundwort.at\/index.php?rest_route=\/wp\/v2\/pages\/98\/revisions"}],"predecessor-version":[{"id":300,"href":"http:\/\/www.textundwort.at\/index.php?rest_route=\/wp\/v2\/pages\/98\/revisions\/300"}],"up":[{"embeddable":true,"href":"http:\/\/www.textundwort.at\/index.php?rest_route=\/wp\/v2\/pages\/84"}],"wp:attachment":[{"href":"http:\/\/www.textundwort.at\/index.php?rest_route=%2Fwp%2Fv2%2Fmedia&parent=98"}],"curies":[{"name":"wp","href":"https:\/\/api.w.org\/{rel}","templated":true}]}}