{"id":96,"date":"2009-03-28T13:20:45","date_gmt":"2009-03-28T12:20:45","guid":{"rendered":"http:\/\/www.textundwort.at\/?page_id=96"},"modified":"2013-10-11T17:05:06","modified_gmt":"2013-10-11T15:05:06","slug":"personal-coaching","status":"publish","type":"page","link":"http:\/\/www.textundwort.at\/?page_id=96","title":{"rendered":"Personal Text-Coaching"},"content":{"rendered":"<p style=\"text-align: left;\"><strong>Das Intensiv-Privatissimum mit pers\u00f6nlichem \u201eSchreibcoach\u201c f\u00fcr Individualisten.<br \/>\n<\/strong><br \/>\n<span style=\"color: #cc0000;\"><strong>Form: <\/strong><\/span>Personal Coaching mit intensiver 1:1-Betreuung direkt an Ihrem Arbeitsplatz. Gemeinsame Arbeit an bereits vorhandenen oder neu zu schreibenden Texten.<\/p>\n<p style=\"text-align: left;\"><span style=\"color: #cc0000;\"><strong>Themenspektrum:<\/strong><\/span> Medientexte, Direct Mails, Online-Texte, Werbemittel (Folder &amp; Prospekte), journalistische Texte (z.B. Reisereportagen), aber auch Unternehmens-Wording (einheitliche Schreibkultur) sowie Spezialprojekte (z.B. Mitarbeiter- oder Kundenzeitungen, Jubil\u00e4ums-Brosch\u00fcre, Fest-Schrift, etc.).<\/p>\n<p style=\"text-align: left;\"><span style=\"color: #cc0000;\"><strong>Dauer: <\/strong><\/span>ab 4 Stunden bis zu mehreren Tagen &#8211; nach Vereinbarung.<\/p>\n<p style=\"text-align: left;\"><span style=\"color: #cc0000;\"><strong>Kosten Firmen-\/Inhouse Seminar:<\/strong><\/span> Bitte kontaktieren Sie uns per Mail oder Telefon. Wir erstellen f\u00fcr Sie gerne ein individuelles Angebot &#8211; auf Ihre W\u00fcnsche und Bed\u00fcrfnisse zugeschnitten, basierend auf Teilnehmerzahl und Gruppenzusammensetzung.<br \/>\nDas Angebot enth\u00e4lt s\u00e4mtliche Leistungen: Trainerhonorar und eventuell anfallende Spesen, Konzeption und Nachbereitung, ausf\u00fchrliche Seminarunterlagen und Feedbackb\u00f6gen.<\/p>\n","protected":false},"excerpt":{"rendered":"<p>Das Intensiv-Privatissimum mit pers\u00f6nlichem \u201eSchreibcoach\u201c f\u00fcr Individualisten.<\/p>\n","protected":false},"author":1,"featured_media":0,"parent":82,"menu_order":2,"comment_status":"closed","ping_status":"closed","template":"","meta":[],"_links":{"self":[{"href":"http:\/\/www.textundwort.at\/index.php?rest_route=\/wp\/v2\/pages\/96"}],"collection":[{"href":"http:\/\/www.textundwort.at\/index.php?rest_route=\/wp\/v2\/pages"}],"about":[{"href":"http:\/\/www.textundwort.at\/index.php?rest_route=\/wp\/v2\/types\/page"}],"author":[{"embeddable":true,"href":"http:\/\/www.textundwort.at\/index.php?rest_route=\/wp\/v2\/users\/1"}],"replies":[{"embeddable":true,"href":"http:\/\/www.textundwort.at\/index.php?rest_route=%2Fwp%2Fv2%2Fcomments&post=96"}],"version-history":[{"count":18,"href":"http:\/\/www.textundwort.at\/index.php?rest_route=\/wp\/v2\/pages\/96\/revisions"}],"predecessor-version":[{"id":427,"href":"http:\/\/www.textundwort.at\/index.php?rest_route=\/wp\/v2\/pages\/96\/revisions\/427"}],"up":[{"embeddable":true,"href":"http:\/\/www.textundwort.at\/index.php?rest_route=\/wp\/v2\/pages\/82"}],"wp:attachment":[{"href":"http:\/\/www.textundwort.at\/index.php?rest_route=%2Fwp%2Fv2%2Fmedia&parent=96"}],"curies":[{"name":"wp","href":"https:\/\/api.w.org\/{rel}","templated":true}]}}