{"id":92,"date":"2009-03-28T13:19:29","date_gmt":"2009-03-28T12:19:29","guid":{"rendered":"http:\/\/www.textundwort.at\/?page_id=92"},"modified":"2013-07-02T09:27:09","modified_gmt":"2013-07-02T07:27:09","slug":"antworten-die-ankommen","status":"publish","type":"page","link":"http:\/\/www.textundwort.at\/?page_id=92","title":{"rendered":"Aufbauworkshop: Mails &#038; Briefe, die gelesen werden"},"content":{"rendered":"<p style=\"text-align: left;\"><strong style=\"font-family: Arial; mso-bidi-font-family: 'Times New Roman';\">Der Workshop f\u00fcr TouristikerInnen, die schriftliche Anfragen zielgruppengerecht beantworten wollen.<\/strong><\/p>\n<p style=\"text-align: left;\"><span style=\"color: #cc0000;\"><strong><!--[if gte mso 9]><xml>\n<o:OfficeDocumentSettings>\n<o:AllowPNG\/>\n<o:PixelsPerInch>72<\/o:PixelsPerInch>\n<o:TargetScreenSize>1024x768<\/o:TargetScreenSize>\n<\/o:OfficeDocumentSettings>\n<\/xml><![endif]--><\/strong><\/span><\/p>\n<p class=\"MsoBodyText\" style=\"line-height: 150%; tab-stops: 2.0cm;\"><span style=\"font-size: small;\"><strong style=\"mso-bidi-font-weight: normal;\"><span style=\"line-height: 150%; font-family: Arial; color: #a10101;\">Unser Ziel<\/span><\/strong><\/span><\/p>\n<p class=\"MsoBodyText2\"><span style=\"font-size: small; font-family: arial,helvetica,sans-serif; color: #000000;\">Die TeilnehmerInnen lernen, zielgruppenorientierte Briefe und Mails zu verfassen: lebendig, klar und punktgenau. Verst\u00e4ndlichkeit und Lesefreundlichkeit werden durch geschickte Wortwahl gesteigert; die Leserin\/der Leser soll sich pers\u00f6nlich angesprochen und ernst genommen f\u00fchlen. Denn jede Sach-Information ist auch Beziehungs-Information und transportiert die Unternehmensphilosophie.<\/span><span style=\"font-size: 11.0pt; mso-bidi-font-size: 10.0pt; line-height: 150%; font-family: Arial; mso-bidi-font-family: 'Times New Roman';\">\u00a0<\/span><\/p>\n<p class=\"MsoBodyText\" style=\"line-height: 150%; tab-stops: 2.0cm;\"><span style=\"font-size: small;\"><strong style=\"mso-bidi-font-weight: normal;\"><span style=\"line-height: 150%; font-family: Arial; color: #a10101;\">Unsere Inhalte<\/span><\/strong><\/span><\/p>\n<p class=\"MsoBodyText\" style=\"line-height: 150%; tab-stops: 2.0cm;\"><!--[if gte mso 9]><xml>\n<o:OfficeDocumentSettings>\n<o:AllowPNG\/>\n<o:PixelsPerInch>72<\/o:PixelsPerInch>\n<o:TargetScreenSize>1024x768<\/o:TargetScreenSize>\n<\/o:OfficeDocumentSettings>\n<\/xml><![endif]--><\/p>\n<p class=\"MsoBodyText\" style=\"line-height: 150%; tab-stops: 2.0cm;\"><!--[if gte mso 9]><xml>\n<w:WordDocument>\n<w:View>Normal<\/w:View>\n<w:Zoom>0<\/w:Zoom>\n<w:HyphenationZone>21<\/w:HyphenationZone>\n<w:PunctuationKerning\/>\n<w:ValidateAgainstSchemas\/>\n<w:SaveIfXMLInvalid>false<\/w:SaveIfXMLInvalid>\n<w:IgnoreMixedContent>false<\/w:IgnoreMixedContent>\n<w:AlwaysShowPlaceholderText>false<\/w:AlwaysShowPlaceholderText>\n<w:Compatibility>\n<w:BreakWrappedTables\/>\n<w:SnapToGridInCell\/>\n<w:WrapTextWithPunct\/>\n<w:UseAsianBreakRules\/>\n<w:DontGrowAutofit\/>\n<\/w:Compatibility>\n<w:DoNotOptimizeForBrowser\/>\n<\/w:WordDocument>\n<\/xml><![endif]--><!--[if gte mso 9]><xml>\n<w:LatentStyles DefLockedState=\"false\" LatentStyleCount=\"156\">\n<\/w:LatentStyles>\n<\/xml><![endif]--><\/p>\n<ul>\n<li><span style=\"font-family: Arial; mso-bidi-font-family: 'Times New Roman';\">Welchen <strong style=\"mso-bidi-font-weight: normal;\">Stellenwert<\/strong> hat das <strong style=\"mso-bidi-font-weight: normal;\">geschriebene Wort <\/strong>in Zeiten von Online-buchung, Skype &amp; Co.?<\/span><\/li>\n<li><span style=\"font-family: Arial; mso-bidi-font-family: 'Times New Roman';\">Was sind die <strong>aktuellen Standards<\/strong> in der schriftlichen Anfragebeantwortung?<br \/>\n<\/span><\/li>\n<li><span style=\"font-family: Arial; mso-bidi-font-family: 'Times New Roman';\">Wie <strong style=\"mso-bidi-font-weight: normal;\">wirkt Sprache<\/strong>? Und wie erkenne ich <strong style=\"mso-bidi-font-weight: normal;\">Zielgruppen<\/strong> anhand ihrer bevorzugten \u201eSprachorientierung\u201c?<\/span><\/li>\n<li><span style=\"font-family: Arial; mso-bidi-font-family: 'Times New Roman';\">Von der <strong style=\"mso-bidi-font-weight: normal;\">\u201eGesch\u00e4fts-Korrespondenz\u201c<\/strong> zum <strong style=\"mso-bidi-font-weight: normal;\">\u201eBeziehungs-Brief\u201c<\/strong>: zielgruppengerechte Briefe und Mails nach dem 4-Farben-Modell (F\u00f6rster).<\/span><\/li>\n<li><strong style=\"mso-bidi-font-weight: normal;\"><span style=\"font-family: Arial; mso-bidi-font-family: 'Times New Roman';\">Checklist<\/span><\/strong><span style=\"font-family: Arial; mso-bidi-font-family: 'Times New Roman';\"> Schreibtechnik: <strong style=\"mso-bidi-font-weight: normal;\">empf\u00e4ngerorientiert<\/strong> schreiben \u2013 <strong style=\"mso-bidi-font-weight: normal;\">stilsicher<\/strong> formulieren \u2013 <strong style=\"mso-bidi-font-weight: normal;\">floskelfrei<\/strong> kommunizieren \u2013 alle <strong style=\"mso-bidi-font-weight: normal;\">Sinne<\/strong> ansprechen.<\/span><\/li>\n<li><strong style=\"mso-bidi-font-weight: normal;\"><span style=\"font-family: Arial; mso-bidi-font-family: 'Times New Roman';\">Schreiblust statt Schreibfrust: <\/span><\/strong><span>So l\u00e4sst sich der individuelle Schreibstil (Ausdrucksf\u00e4higkeit, Sprachvielfalt) ohne gro\u00dfen Aufwand optimieren<\/span><\/li>\n<\/ul>\n<p><span style=\"font-family: arial,helvetica,sans-serif;\"><strong><span style=\"color: #cc0000;\">Unser Angebot<br \/>\n<\/span><\/strong><\/span><\/p>\n<p><strong>Workshop kurz<\/strong>, 1 Tag, mit praxisnahen \u00dcbungstexten aus dem Arbeitsalltag der TeilnehmerInnen<\/p>\n<p><strong>Workshop intensiv<\/strong>, 2 Tage, mit praxisnahen \u00dcbungstexten aus dem Arbeitsalltag der TeilnehmerInnen und individuellem Text-Coaching<\/p>\n<p><strong>Text-Tuning bzw. Coaching vor Ort <\/strong>&#8211; Optimierung aktueller Briefe und Mails (Erarbeitung von Vorlagen)<\/p>\n<p><strong>Check &amp; Beratung <\/strong>per Telefon und\/oder Mail<\/p>\n<p><span><span style=\"color: #cc0000;\"><strong>Teilnehmerzahl:<\/strong><\/span> Max. 15 TeilnehmerInnen bei einer Trainerin. Ab 10 TeilnehmerInnen empfehlen wir zwei Trainerinnen (ist besonders f\u00fcr Schreib-Coachings und Feedback-Runden von Vorteil).<br \/>\n<\/span><\/p>\n<p><span style=\"font-family: arial,helvetica,sans-serif;\"><span style=\"color: #cc0000;\"><strong>Kosten Firmen-\/Inhouse Seminare:<\/strong><\/span> <\/span>Bitte kontaktieren Sie uns per Mail oder Telefon. Wir erstellen f\u00fcr Sie gerne ein individuelles Angebot &#8211; auf Ihre W\u00fcnsche und Bed\u00fcrfnisse zugeschnitten, basierend auf Teilnehmerzahl und Gruppenzusammensetzung.<\/p>\n<p><span style=\"font-family: arial,helvetica,sans-serif;\"> Das Angebot enth\u00e4lt s\u00e4mtliche Leistungen: Trainerhonorar und eventuell anfallende Spesen, Konzeption und Nachbereitung, ausf\u00fchrliche Seminarunterlagen und Feedbackb\u00f6gen.<\/span><\/p>\n","protected":false},"excerpt":{"rendered":"<p>Der Workshop f\u00fcr TouristikerInnen,<br \/>\ndie schriftliche Anfragen zielgruppengerecht beantworten wollen.<\/p>\n","protected":false},"author":1,"featured_media":0,"parent":80,"menu_order":5,"comment_status":"closed","ping_status":"closed","template":"","meta":[],"_links":{"self":[{"href":"http:\/\/www.textundwort.at\/index.php?rest_route=\/wp\/v2\/pages\/92"}],"collection":[{"href":"http:\/\/www.textundwort.at\/index.php?rest_route=\/wp\/v2\/pages"}],"about":[{"href":"http:\/\/www.textundwort.at\/index.php?rest_route=\/wp\/v2\/types\/page"}],"author":[{"embeddable":true,"href":"http:\/\/www.textundwort.at\/index.php?rest_route=\/wp\/v2\/users\/1"}],"replies":[{"embeddable":true,"href":"http:\/\/www.textundwort.at\/index.php?rest_route=%2Fwp%2Fv2%2Fcomments&post=92"}],"version-history":[{"count":26,"href":"http:\/\/www.textundwort.at\/index.php?rest_route=\/wp\/v2\/pages\/92\/revisions"}],"predecessor-version":[{"id":245,"href":"http:\/\/www.textundwort.at\/index.php?rest_route=\/wp\/v2\/pages\/92\/revisions\/245"}],"up":[{"embeddable":true,"href":"http:\/\/www.textundwort.at\/index.php?rest_route=\/wp\/v2\/pages\/80"}],"wp:attachment":[{"href":"http:\/\/www.textundwort.at\/index.php?rest_route=%2Fwp%2Fv2%2Fmedia&parent=92"}],"curies":[{"name":"wp","href":"https:\/\/api.w.org\/{rel}","templated":true}]}}