{"id":90,"date":"2009-03-28T13:18:57","date_gmt":"2009-03-28T12:18:57","guid":{"rendered":"http:\/\/www.textundwort.at\/?page_id=90"},"modified":"2014-04-06T16:50:21","modified_gmt":"2014-04-06T14:50:21","slug":"online-texte-die-wirken","status":"publish","type":"page","link":"http:\/\/www.textundwort.at\/?page_id=90","title":{"rendered":"Aufbauworkshop: Texten f\u00fcrs World Wide Web"},"content":{"rendered":"<p style=\"text-align: left;\"><strong>Der Workshop f\u00fcr TouristikerInnen, die online und per Mail \u00fcberzeugen wollen.<\/strong><\/p>\n<p style=\"text-align: left;\"><span style=\"color: #cc0000;\"><strong><!--[if gte mso 9]><xml>\n<o:OfficeDocumentSettings>\n<o:AllowPNG\/>\n<o:PixelsPerInch>72<\/o:PixelsPerInch>\n<o:TargetScreenSize>1024x768<\/o:TargetScreenSize>\n<\/o:OfficeDocumentSettings>\n<\/xml><![endif]--><\/strong><\/span><\/p>\n<p class=\"MsoBodyText\" style=\"line-height: 150%; tab-stops: 2.0cm;\"><span style=\"font-size: small;\"><strong style=\"mso-bidi-font-weight: normal;\"><span style=\"line-height: 150%; font-family: Arial; color: #a10101;\">Unser Ziel<\/span><\/strong><\/span><\/p>\n<p class=\"MsoNormal\" style=\"line-height: 150%;\"><span style=\"font-size: small; line-height: 150%; font-family: arial,helvetica,sans-serif; color: #000000;\">Die TeilnehmerInnen lernen, webspezifische Texte zu schreiben, mit denen sich die St\u00e4rken des Internets ausspielen lassen: Transparenz, Beziehung und Interaktion. Die Userinnen und User werden damit von Empf\u00e4ngern zu relevanten Gespr\u00e4chspartnern und, im besten Fall, zu \u201eEmpfehlungsnetzwerkern\u201c.<\/span><\/p>\n<p class=\"MsoBodyText\" style=\"line-height: 150%; tab-stops: 2.0cm;\"><span style=\"font-size: small;\"><strong style=\"mso-bidi-font-weight: normal;\"><span style=\"line-height: 150%; font-family: Arial; color: #a10101;\">Unsere Inhalte<\/span><\/strong><\/span><\/p>\n<ul>\n<li><span style=\"font-size: 12.0pt; mso-bidi-font-size: 10.0pt; line-height: 150%; font-family: Arial; mso-bidi-font-family: 'Times New Roman';\"><span style=\"mso-list: Ignore;\"><span style=\"font: 7.0pt 'Times New Roman';\">\u00a0<\/span><\/span><\/span><span style=\"font-family: Arial; mso-bidi-font-family: 'Times New Roman';\">Klassische Kommunikationsmodelle \u2013 <strong style=\"mso-bidi-font-weight: normal;\">was gilt<\/strong> noch im <strong style=\"mso-bidi-font-weight: normal;\">World Wide Web<\/strong><\/span><\/li>\n<li><span style=\"font-family: Arial; mso-bidi-font-family: 'Times New Roman';\">Digital native, digital imigrant &#8211; der <strong style=\"mso-bidi-font-weight: normal;\">User<\/strong>, <strong style=\"mso-bidi-font-weight: normal;\">das unbekannte Wesen?<\/strong> Wer n\u00fctzt das Internet \u2013 und wie? Wof\u00fcr steht Web 2.0? <\/span><\/li>\n<li><span style=\"font-family: Arial; mso-bidi-font-family: 'Times New Roman';\">\u00a0<\/span><strong style=\"mso-bidi-font-weight: normal;\"><span style=\"font-family: Arial; mso-bidi-font-family: 'Times New Roman';\">Wortklima<\/span><\/strong><span style=\"font-family: Arial; mso-bidi-font-family: 'Times New Roman';\"> \u2013 <strong style=\"mso-bidi-font-weight: normal;\">Sprachklima<\/strong>: Der Ton macht die Musik! Was <strong style=\"mso-bidi-font-weight: normal;\">unterscheidet<\/strong> Print-Texte von Online-Texten? Wie soll ich meine Zielgruppe ansprechen? Welchen \u201eTon\u201c muss ich anschlagen, um Interesse zu wecken? <\/span><\/li>\n<li><strong style=\"mso-bidi-font-weight: normal;\"><span style=\"font-family: Arial; mso-bidi-font-family: 'Times New Roman';\">\u00d6ffnen<\/span><\/strong><span style=\"font-family: Arial; mso-bidi-font-family: 'Times New Roman';\"> statt wegklicken? Was zeichnet <strong style=\"mso-bidi-font-weight: normal;\">wirkungsvolle Online-Texte<\/strong> aus? Welche Textformate bieten sich an? Wie wichtig sind \u00dcberschriften, Zwischentitel, Listen und Info-K\u00e4sten?<\/span><\/li>\n<li><strong style=\"mso-bidi-font-weight: normal;\"><span style=\"font-family: Arial; mso-bidi-font-family: 'Times New Roman';\">Storytelling<\/span><\/strong><span style=\"font-family: Arial; mso-bidi-font-family: 'Times New Roman';\"> \u2013 Content mit Zusatznutzen. Welche Geschichten lassen sicherz\u00e4hlen, welche bieten der Userin\/dem User einen <strong style=\"mso-bidi-font-weight: normal;\">Mehrwert<\/strong>? Womit l\u00e4sst sich die <strong style=\"mso-bidi-font-weight: normal;\">Kundenbeziehung<\/strong> <strong style=\"mso-bidi-font-weight: normal;\">festigen<\/strong>?<\/span><\/li>\n<\/ul>\n<p><span style=\"font-family: arial,helvetica,sans-serif;\"><strong><span style=\"color: #cc0000;\">Unser Angebot<br \/>\n<\/span><\/strong><\/span><\/p>\n<p><strong>Workshop kurz<\/strong>, 1 Tag, mit praxisnahen \u00dcbungstexten aus dem Arbeitsalltag der TeilnehmerInnen<\/p>\n<p><strong>Workshop intensiv<\/strong>, 2 Tage, mit praxisnahen \u00dcbungstexten aus dem Arbeitsalltag der TeilnehmerInnen und individuellem Text-Coaching<\/p>\n<p><strong>Text-Tuning bzw. Coaching vor Ort <\/strong>&#8211; Optimierung aktueller Onlinetexte<\/p>\n<p><strong>Check &amp; Beratung <\/strong>per Telefon und\/oder Mail<\/p>\n<p><span><span style=\"color: #cc0000;\"><strong>Teilnehmerzahl:<\/strong><\/span> Max. 15 TeilnehmerInnen bei einer Trainerin. Ab 10 TeilnehmerInnen empfehlen wir zwei Trainerinnen (ist besonders f\u00fcr Schreib-Coachings und Feedback-Runden von Vorteil).<br \/>\n<\/span><\/p>\n<p><span style=\"font-family: arial,helvetica,sans-serif;\"><span style=\"color: #cc0000;\"><strong>Kosten Firmen-\/Inhouse Seminare:<\/strong><\/span> <\/span>Bitte kontaktieren Sie uns per Mail oder Telefon. Wir erstellen f\u00fcr Sie gerne ein individuelles Angebot &#8211; auf Ihre W\u00fcnsche und Bed\u00fcrfnisse zugeschnitten, basierend auf Teilnehmerzahl und Gruppenzusammensetzung.<\/p>\n<p><span style=\"font-family: arial,helvetica,sans-serif;\"> Das Angebot enth\u00e4lt s\u00e4mtliche Leistungen: Trainerhonorar und eventuell anfallende Spesen, Konzeption und Nachbereitung, ausf\u00fchrliche Seminarunterlagen und Feedbackb\u00f6gen.<\/span><\/p>\n","protected":false},"excerpt":{"rendered":"<p>Der Workshop f\u00fcr TouristikerInnen, die online und per Mail \u00fcberzeugen wollen.<\/p>\n","protected":false},"author":1,"featured_media":0,"parent":80,"menu_order":4,"comment_status":"closed","ping_status":"closed","template":"","meta":[],"_links":{"self":[{"href":"http:\/\/www.textundwort.at\/index.php?rest_route=\/wp\/v2\/pages\/90"}],"collection":[{"href":"http:\/\/www.textundwort.at\/index.php?rest_route=\/wp\/v2\/pages"}],"about":[{"href":"http:\/\/www.textundwort.at\/index.php?rest_route=\/wp\/v2\/types\/page"}],"author":[{"embeddable":true,"href":"http:\/\/www.textundwort.at\/index.php?rest_route=\/wp\/v2\/users\/1"}],"replies":[{"embeddable":true,"href":"http:\/\/www.textundwort.at\/index.php?rest_route=%2Fwp%2Fv2%2Fcomments&post=90"}],"version-history":[{"count":28,"href":"http:\/\/www.textundwort.at\/index.php?rest_route=\/wp\/v2\/pages\/90\/revisions"}],"predecessor-version":[{"id":1635,"href":"http:\/\/www.textundwort.at\/index.php?rest_route=\/wp\/v2\/pages\/90\/revisions\/1635"}],"up":[{"embeddable":true,"href":"http:\/\/www.textundwort.at\/index.php?rest_route=\/wp\/v2\/pages\/80"}],"wp:attachment":[{"href":"http:\/\/www.textundwort.at\/index.php?rest_route=%2Fwp%2Fv2%2Fmedia&parent=90"}],"curies":[{"name":"wp","href":"https:\/\/api.w.org\/{rel}","templated":true}]}}