{"id":86,"date":"2009-03-28T13:15:43","date_gmt":"2009-03-28T12:15:43","guid":{"rendered":"http:\/\/www.textundwort.at\/?page_id=86"},"modified":"2016-07-17T19:34:02","modified_gmt":"2016-07-17T17:34:02","slug":"kommunikationstrainings","status":"publish","type":"page","link":"http:\/\/www.textundwort.at\/?page_id=86","title":{"rendered":"Kommunikationstrainings"},"content":{"rendered":"<p style=\"text-align: left;\"><img loading=\"lazy\" class=\"alignright size-medium wp-image-351\" style=\"border: 0pt none;\" title=\"Retro-Telefon\" src=\"http:\/\/www.textundwort.at\/wp-content\/uploads\/2009\/03\/rtemagicc_designshopuk-255x188.jpg\" alt=\"Retro-Telefon\" width=\"255\" height=\"188\" srcset=\"http:\/\/www.textundwort.at\/wp-content\/uploads\/2009\/03\/rtemagicc_designshopuk-255x188.jpg 255w, http:\/\/www.textundwort.at\/wp-content\/uploads\/2009\/03\/rtemagicc_designshopuk.jpg 300w\" sizes=\"(max-width: 255px) 100vw, 255px\" \/>Kommunikation ist immer komplex &#8211; und meistens kompliziert. Denn einerseits wissen wir sp\u00e4testens seit Paul Watzlawick, dass wir nicht nicht kommunizieren k\u00f6nnen. Andererseits erleben wir Tag f\u00fcr Tag, wie h\u00e4ufig wir aneinander vorbei kommunizieren. In unseren Kommunikationsseminaren<\/p>\n<ul style=\"text-align: left;\">\n<li>analysieren Sie Gespr\u00e4chssituationen aus Ihrem beruflichen Alltag,<\/li>\n<li>erkennen Sie Ihre eigenen Kommunikationsmuster<br \/>\nund lernen, sie bei Bedarf zu ver\u00e4ndern,<\/li>\n<li>erweitern Sie Ihr Kommunikations-Repertoire,<\/li>\n<li>arbeiten Sie mit praxistauglichen und l\u00f6sungsorientierten Kommunikationsmodellen,<\/li>\n<li>\u00fcben Sie das Gelernte in zielgruppenorientierten Rollenspielen.<\/li>\n<\/ul>\n","protected":false},"excerpt":{"rendered":"<p>Kommunikation ist immer komplex &#8211; und meistens kompliziert. Denn einerseits wissen wir sp\u00e4testens seit Paul Watzlawick, dass wir nicht nicht kommunizieren k\u00f6nnen. Andererseits erleben wir Tag f\u00fcr Tag, wie h\u00e4ufig wir aneinander vorbei kommunizieren. In unseren Kommunikationsseminaren analysieren Sie Gespr\u00e4chssituationen aus Ihrem beruflichen Alltag, erkennen Sie Ihre eigenen Kommunikationsmuster und lernen, sie bei Bedarf zu [&hellip;]<\/p>\n","protected":false},"author":1,"featured_media":0,"parent":56,"menu_order":8,"comment_status":"closed","ping_status":"closed","template":"tmpl_teaserseite.php","meta":[],"_links":{"self":[{"href":"http:\/\/www.textundwort.at\/index.php?rest_route=\/wp\/v2\/pages\/86"}],"collection":[{"href":"http:\/\/www.textundwort.at\/index.php?rest_route=\/wp\/v2\/pages"}],"about":[{"href":"http:\/\/www.textundwort.at\/index.php?rest_route=\/wp\/v2\/types\/page"}],"author":[{"embeddable":true,"href":"http:\/\/www.textundwort.at\/index.php?rest_route=\/wp\/v2\/users\/1"}],"replies":[{"embeddable":true,"href":"http:\/\/www.textundwort.at\/index.php?rest_route=%2Fwp%2Fv2%2Fcomments&post=86"}],"version-history":[{"count":22,"href":"http:\/\/www.textundwort.at\/index.php?rest_route=\/wp\/v2\/pages\/86\/revisions"}],"predecessor-version":[{"id":1993,"href":"http:\/\/www.textundwort.at\/index.php?rest_route=\/wp\/v2\/pages\/86\/revisions\/1993"}],"up":[{"embeddable":true,"href":"http:\/\/www.textundwort.at\/index.php?rest_route=\/wp\/v2\/pages\/56"}],"wp:attachment":[{"href":"http:\/\/www.textundwort.at\/index.php?rest_route=%2Fwp%2Fv2%2Fmedia&parent=86"}],"curies":[{"name":"wp","href":"https:\/\/api.w.org\/{rel}","templated":true}]}}