{"id":82,"date":"2009-03-28T13:14:26","date_gmt":"2009-03-28T12:14:26","guid":{"rendered":"http:\/\/www.textundwort.at\/?page_id=82"},"modified":"2011-06-08T12:28:10","modified_gmt":"2011-06-08T10:28:10","slug":"text-coaching","status":"publish","type":"page","link":"http:\/\/www.textundwort.at\/?page_id=82","title":{"rendered":"Text &#8211; Coaching"},"content":{"rendered":"<p style=\"text-align: left;\"><img loading=\"lazy\" class=\"alignright size-medium wp-image-460\" style=\"border:none;\" title=\"labyrinth\" src=\"http:\/\/www.textundwort.at\/wp-content\/uploads\/2009\/05\/labyrinth-254x239.png\" alt=\"labyrinth\" width=\"254\" height=\"239\" srcset=\"http:\/\/www.textundwort.at\/wp-content\/uploads\/2009\/05\/labyrinth-254x239.png 254w, http:\/\/www.textundwort.at\/wp-content\/uploads\/2009\/05\/labyrinth-600x563.png 600w, http:\/\/www.textundwort.at\/wp-content\/uploads\/2009\/05\/labyrinth.png 638w\" sizes=\"(max-width: 254px) 100vw, 254px\" \/>Text-Coaching ist die intensivste &#8211; und effektivste &#8211; Form, um gemeinsam mit einem Schreibcoach an eigenen Texten zu arbeiten. Sie profitieren von unserem Know-how als Journalistinnen, Texterinnen und PR-Expertinnen.<br \/>\nUnd bekommen Profi-Tipps aus erster Hand.<br \/>\nDas Text-Coaching umfasst<\/p>\n<ul style=\"text-align: left;\">\n<li>Zielgruppenanalyse und Zielgruppendefinition,<\/li>\n<li>Ideenfindung, neue Zug\u00e4nge, Blick \u201evon au\u00dfen\u201c,<\/li>\n<li>Schreib\u00fcbungen und Kreativit\u00e4tstraining,<\/li>\n<li>\u00dcberarbeitung bereits vorhandener Texte bzw. Konzeptionierung neuer Texte,<\/li>\n<li>Endfertigung und letzter Schliff.<\/li>\n<\/ul>\n","protected":false},"excerpt":{"rendered":"<p>Text-Coaching ist die intensivste &#8211; und effektivste &#8211; Form, um gemeinsam mit einem Schreibcoach an eigenen Texten zu arbeiten. Sie profitieren von unserem Know-how als Journalistinnen, Texterinnen und PR-Expertinnen. Und bekommen Profi-Tipps aus erster Hand. Das Text-Coaching umfasst Zielgruppenanalyse und Zielgruppendefinition, Ideenfindung, neue Zug\u00e4nge, Blick \u201evon au\u00dfen\u201c, Schreib\u00fcbungen und Kreativit\u00e4tstraining, \u00dcberarbeitung bereits vorhandener Texte bzw. [&hellip;]<\/p>\n","protected":false},"author":1,"featured_media":0,"parent":56,"menu_order":2,"comment_status":"closed","ping_status":"closed","template":"tmpl_teaserseite.php","meta":[],"_links":{"self":[{"href":"http:\/\/www.textundwort.at\/index.php?rest_route=\/wp\/v2\/pages\/82"}],"collection":[{"href":"http:\/\/www.textundwort.at\/index.php?rest_route=\/wp\/v2\/pages"}],"about":[{"href":"http:\/\/www.textundwort.at\/index.php?rest_route=\/wp\/v2\/types\/page"}],"author":[{"embeddable":true,"href":"http:\/\/www.textundwort.at\/index.php?rest_route=\/wp\/v2\/users\/1"}],"replies":[{"embeddable":true,"href":"http:\/\/www.textundwort.at\/index.php?rest_route=%2Fwp%2Fv2%2Fcomments&post=82"}],"version-history":[{"count":15,"href":"http:\/\/www.textundwort.at\/index.php?rest_route=\/wp\/v2\/pages\/82\/revisions"}],"predecessor-version":[{"id":874,"href":"http:\/\/www.textundwort.at\/index.php?rest_route=\/wp\/v2\/pages\/82\/revisions\/874"}],"up":[{"embeddable":true,"href":"http:\/\/www.textundwort.at\/index.php?rest_route=\/wp\/v2\/pages\/56"}],"wp:attachment":[{"href":"http:\/\/www.textundwort.at\/index.php?rest_route=%2Fwp%2Fv2%2Fmedia&parent=82"}],"curies":[{"name":"wp","href":"https:\/\/api.w.org\/{rel}","templated":true}]}}