{"id":765,"date":"2011-03-07T09:44:42","date_gmt":"2011-03-07T08:44:42","guid":{"rendered":"http:\/\/www.textundwort.at\/?page_id=765"},"modified":"2014-09-15T19:40:44","modified_gmt":"2014-09-15T17:40:44","slug":"ladyboss-%e2%80%93-frau-sein-und-in-fuhrung-gehen","status":"publish","type":"page","link":"http:\/\/www.textundwort.at\/?page_id=765","title":{"rendered":"Ladies only: Mehr Power f\u00fcr den Job!"},"content":{"rendered":"<p style=\"text-align: left;\"><span style=\"font-family: arial,helvetica,sans-serif;\"><strong>Lust auf Leistung durch wirkungsvolle Selbstmotivation<br \/>\n<\/strong><\/span><\/p>\n<p><span style=\"font-family: arial,helvetica,sans-serif;\"><strong><span style=\"color: #cc0000;\">Warum?<\/span><\/strong><\/span> Wer sich durch Selbstmotivation aktiv durch die \u201eups\u201c and \u201edowns\u201c des Alltags steuert, \u00fcbernimmt die Regie im Drehbuch des eigenen Lebens. Was es daf\u00fcr braucht? Die F\u00e4higkeit, Klarheit \u00fcber die wichtigsten Lebensmotive zu gewinnen, die das eigene Denken und Tun bestimmen. Die Kreativit\u00e4t, daraus eine Lebensvision zu entwickeln, die alle relevanten Bed\u00fcrfnisse abdeckt. Und die inneren Kraft, die eigenen Energien so auszurichten, dass die selbstgesteckten Ziele auch erreicht \u2013 und die Fr\u00fcchte der Arbeit genossen werden k\u00f6nnen.<\/p>\n<p><strong><span style=\"font-family: arial,helvetica,sans-serif;\"><span style=\"color: #cc0000;\"><strong>Was?<\/strong><\/span> <\/span>In diesem Workshop lernen und \u00fcben Sie<\/strong><\/p>\n<ul>\n<li>Ihre De-Motivatoren zu <strong>erkennen<\/strong> und abzubauen<\/li>\n<li><strong>Motivationsquellen<\/strong> und <strong>Ressourcen<\/strong> zu entdecken<\/li>\n<li>konkrete <strong>Anforderungen<\/strong> in Ihrem Beruf und Ihrem Privatleben zu definieren (Lebensh\u00fcte)<\/li>\n<li><strong>Priorit\u00e4ten<\/strong> zu setzen und <strong>realistische Ziele<\/strong> anzupeilen<\/li>\n<li>den eigenen <strong>Handlungsspielraum<\/strong> zu <strong>erweitern<\/strong> (innerer \u201eAntreiber\u201c &amp; \u201eErlauber\u201c)<\/li>\n<li><span>sich selbst zu <strong>belohnen<\/strong> und eine <strong>Positiv-Spirale<\/strong> in Gang zu setzen<\/span><\/li>\n<\/ul>\n<p style=\"text-align: left;\"><span style=\"font-family: arial,helvetica,sans-serif;\"><span style=\"color: #cc0000;\"><strong>Wer?<\/strong><\/span> Dieser Workshop ist ideal, wenn Sie alltagstaugliche und praxisnahe Tipps und Tools suchen, um sich selbst im beruflichen Umfeld wirkungsvoll und nachhaltig zu motivieren.<br \/>\n<\/span><\/p>\n<p style=\"text-align: left;\"><span style=\"font-family: arial,helvetica,sans-serif;\"><span style=\"color: #cc0000;\"><strong>Gruppengr\u00f6\u00dfe:<\/strong><\/span> bis zu 15 Teilnehmerinnen <\/span><\/p>\n<p style=\"text-align: left;\"><span style=\"font-family: arial,helvetica,sans-serif;\"><span style=\"color: #cc0000;\"><strong>Form &amp; Dauer:<\/strong><\/span> <\/span><\/p>\n<p style=\"text-align: left;\"><span style=\"font-family: arial,helvetica,sans-serif;\"><strong>Kurzvariante<\/strong>: 4 Stunden: Powerpoint-Impulsvortrag mit 1 &#8211; 2 \u00dcbungseinheiten (Follow-up empfohlen)<\/span><\/p>\n<p style=\"text-align: left;\"><span style=\"font-family: arial,helvetica,sans-serif;\"><strong>1-Tages-Seminar:<\/strong> Workshop mit praxisnahen Arbeits- und \u00dcbungseinheiten<\/span><\/p>\n<p style=\"text-align: left;\"><span style=\"font-family: arial,helvetica,sans-serif;\"><span style=\"font-family: arial,helvetica,sans-serif;\"><strong>2-Tages-Intensiv-Workshop<\/strong>: kurze Impulsreferate, <\/span><\/span><span style=\"font-family: arial,helvetica,sans-serif;\"><span style=\"font-family: arial,helvetica,sans-serif;\"><span style=\"font-family: arial,helvetica,sans-serif;\">Einzel- und Kleingruppenarbeiten, Austausch in Kleingruppen, Diskussions- und Feedbackrunden<\/span> <\/span>(Schwerpunkt: eigene Erfahrungswelt)<br \/>\n<\/span><\/p>\n<p style=\"text-align: left;\"><span style=\"font-family: arial,helvetica,sans-serif;\"><span style=\"color: #cc0000;\"><strong>Kosten Firmen-\/Inhouse Seminare: <\/strong><\/span>Bitte kontaktieren Sie uns per Mail oder Telefon. Wir erstellen f\u00fcr Sie gerne ein individuelles Angebot &#8211; auf Ihre W\u00fcnsche und Bed\u00fcrfnisse zugeschnitten, basierend auf Teilnehmerzahl und Gruppenzusammensetzung.<\/span><\/p>\n<p style=\"text-align: left;\"><span style=\"font-family: arial,helvetica,sans-serif;\">Das Angebot enth\u00e4lt s\u00e4mtliche Leistungen: Trainerhonorar und eventuell anfallende Spesen, Konzeption und Nachbereitung, ausf\u00fchrliche Seminarunterlagen und Feedbackb\u00f6gen.<\/span><\/p>\n","protected":false},"excerpt":{"rendered":"<p>So bekommen Sie Lust auf mehr Leistung durch wirkungsvolle Selbstmotivation.<\/p>\n","protected":false},"author":3,"featured_media":0,"parent":762,"menu_order":4,"comment_status":"closed","ping_status":"closed","template":"","meta":[],"_links":{"self":[{"href":"http:\/\/www.textundwort.at\/index.php?rest_route=\/wp\/v2\/pages\/765"}],"collection":[{"href":"http:\/\/www.textundwort.at\/index.php?rest_route=\/wp\/v2\/pages"}],"about":[{"href":"http:\/\/www.textundwort.at\/index.php?rest_route=\/wp\/v2\/types\/page"}],"author":[{"embeddable":true,"href":"http:\/\/www.textundwort.at\/index.php?rest_route=\/wp\/v2\/users\/3"}],"replies":[{"embeddable":true,"href":"http:\/\/www.textundwort.at\/index.php?rest_route=%2Fwp%2Fv2%2Fcomments&post=765"}],"version-history":[{"count":17,"href":"http:\/\/www.textundwort.at\/index.php?rest_route=\/wp\/v2\/pages\/765\/revisions"}],"predecessor-version":[{"id":1166,"href":"http:\/\/www.textundwort.at\/index.php?rest_route=\/wp\/v2\/pages\/765\/revisions\/1166"}],"up":[{"embeddable":true,"href":"http:\/\/www.textundwort.at\/index.php?rest_route=\/wp\/v2\/pages\/762"}],"wp:attachment":[{"href":"http:\/\/www.textundwort.at\/index.php?rest_route=%2Fwp%2Fv2%2Fmedia&parent=765"}],"curies":[{"name":"wp","href":"https:\/\/api.w.org\/{rel}","templated":true}]}}