{"id":483,"date":"2009-06-04T12:13:40","date_gmt":"2009-06-04T11:13:40","guid":{"rendered":"http:\/\/www.textundwort.at\/?page_id=483"},"modified":"2011-03-07T11:01:18","modified_gmt":"2011-03-07T10:01:18","slug":"online-express-service","status":"publish","type":"page","link":"http:\/\/www.textundwort.at\/?page_id=483","title":{"rendered":"Online-Express-Service"},"content":{"rendered":"<p><span style=\"color: #cc0000;\"><strong>Sie haben es eilig? <\/strong><\/span>Dann schicken uns Ihren Text. Online &#8211; als Word-Dokument oder PDF-Datei.<\/p>\n<p><span style=\"color: #cc0000;\"><strong>Wir beeilen uns!<\/strong><\/span> Und verabreichen Ihrem Text den letzten Schliff. Schnell. Und professionell.<\/p>\n<p><span style=\"color: #cc0000;\"><strong>Express-Service: <\/strong><\/span>Sie bekommen Ihren \u201egetunten\u201c Text innerhalb von 48 Stunden nach Auftragsbest\u00e4tigung per Mail retourniert. Garantiert.<\/p>\n<p style=\"text-align: left;\"><span style=\"color: #cc0000;\"><strong>Kosten f\u00fcr ein Online-Express-Service: <\/strong><\/span>Bitte kontaktieren Sie uns per Mail oder Telefon. Wir erstellen f\u00fcr Sie gerne ein individuelles Angebot &#8211; auf Ihre W\u00fcnsche und Bed\u00fcrfnisse zugeschnitten, basierend auf der Zeichenanzahl.<\/p>\n","protected":false},"excerpt":{"rendered":"<p>Sie haben es eilig? Dann beeilen wir uns und liefern Ihren &#8222;getunten&#8220; Text innerhalb von 48 Stunden nach Auftragsbest\u00e4tigung.<\/p>\n","protected":false},"author":3,"featured_media":0,"parent":84,"menu_order":2,"comment_status":"closed","ping_status":"closed","template":"","meta":[],"_links":{"self":[{"href":"http:\/\/www.textundwort.at\/index.php?rest_route=\/wp\/v2\/pages\/483"}],"collection":[{"href":"http:\/\/www.textundwort.at\/index.php?rest_route=\/wp\/v2\/pages"}],"about":[{"href":"http:\/\/www.textundwort.at\/index.php?rest_route=\/wp\/v2\/types\/page"}],"author":[{"embeddable":true,"href":"http:\/\/www.textundwort.at\/index.php?rest_route=\/wp\/v2\/users\/3"}],"replies":[{"embeddable":true,"href":"http:\/\/www.textundwort.at\/index.php?rest_route=%2Fwp%2Fv2%2Fcomments&post=483"}],"version-history":[{"count":4,"href":"http:\/\/www.textundwort.at\/index.php?rest_route=\/wp\/v2\/pages\/483\/revisions"}],"predecessor-version":[{"id":789,"href":"http:\/\/www.textundwort.at\/index.php?rest_route=\/wp\/v2\/pages\/483\/revisions\/789"}],"up":[{"embeddable":true,"href":"http:\/\/www.textundwort.at\/index.php?rest_route=\/wp\/v2\/pages\/84"}],"wp:attachment":[{"href":"http:\/\/www.textundwort.at\/index.php?rest_route=%2Fwp%2Fv2%2Fmedia&parent=483"}],"curies":[{"name":"wp","href":"https:\/\/api.w.org\/{rel}","templated":true}]}}