{"id":37,"date":"2009-03-27T16:26:30","date_gmt":"2009-03-27T15:26:30","guid":{"rendered":"http:\/\/www.textundwort.at\/?page_id=37"},"modified":"2014-02-20T14:02:57","modified_gmt":"2014-02-20T13:02:57","slug":"tourismus-text","status":"publish","type":"page","link":"http:\/\/www.textundwort.at\/?page_id=37","title":{"rendered":"Tourismus &#038; Text"},"content":{"rendered":"<p style=\"text-align: center;\"><strong><a href=\"http:\/\/www.textundwort.at\/?attachment_id=1572\" rel=\"attachment wp-att-1572\"><img loading=\"lazy\" class=\"alignleft size-medium wp-image-1572\" title=\"ursula krebs - Arbeitskopie 4\" src=\"http:\/\/www.textundwort.at\/wp-content\/uploads\/2009\/03\/ursula-krebs-Arbeitskopie-4-178x255.jpg\" alt=\"\" width=\"178\" height=\"255\" srcset=\"http:\/\/www.textundwort.at\/wp-content\/uploads\/2009\/03\/ursula-krebs-Arbeitskopie-4-178x255.jpg 178w, http:\/\/www.textundwort.at\/wp-content\/uploads\/2009\/03\/ursula-krebs-Arbeitskopie-4-420x600.jpg 420w, http:\/\/www.textundwort.at\/wp-content\/uploads\/2009\/03\/ursula-krebs-Arbeitskopie-4.jpg 1079w\" sizes=\"(max-width: 178px) 100vw, 178px\" \/><\/a><a href=\"http:\/\/www.textundwort.at\/?attachment_id=1573\" rel=\"attachment wp-att-1573\"><img loading=\"lazy\" class=\"alignright size-medium wp-image-1573\" title=\"ulrike kinz - Arbeitskopie 3\" src=\"http:\/\/www.textundwort.at\/wp-content\/uploads\/2009\/03\/ulrike-kinz-Arbeitskopie-32-170x255.jpg\" alt=\"\" width=\"170\" height=\"255\" srcset=\"http:\/\/www.textundwort.at\/wp-content\/uploads\/2009\/03\/ulrike-kinz-Arbeitskopie-32-170x255.jpg 170w, http:\/\/www.textundwort.at\/wp-content\/uploads\/2009\/03\/ulrike-kinz-Arbeitskopie-32-400x600.jpg 400w, http:\/\/www.textundwort.at\/wp-content\/uploads\/2009\/03\/ulrike-kinz-Arbeitskopie-32.jpg 1037w\" sizes=\"(max-width: 170px) 100vw, 170px\" \/><\/a><br \/>\n<\/strong><\/p>\n<p style=\"text-align: center;\"><strong>Jede(r) \u00a0hat Lieblingsthemen.<\/strong><\/p>\n<p style=\"text-align: center;\"><strong><br \/>\nWir auch.<br \/>\nBei uns dreht sich alles um Tourismus.<\/strong><\/p>\n<p style=\"text-align: center;\"><strong><br \/>\nUm die Lust am Reisen.<br \/>\nUm kulinarische Gen\u00fcsse.<br \/>\nUm sinnliche Entdeckungen.<\/strong><\/p>\n<p style=\"text-align: center;\"><strong> Und um die Kunst, all das<br \/>\nin Worte zu fassen.<\/strong><\/p>\n<p><span style=\"color: #cc0000;\"><strong>Know-how.<\/strong><\/span> Seit zwanzig Jahren sammeln wir Erfahrungen: Als Reise- und Gourmetjournalistin. Als Fachfrau<br \/>\nf\u00fcr Tourismus-PR. Als Texterinnen f\u00fcr Tourismusinstitutionen und Betriebe. Und last, but not least, als begeisterte Weltenbummlerinnen.<\/p>\n<p><span style=\"color: #cc0000;\"><strong>Transfer.<\/strong><\/span> Seit einigen Jahren geben wir unser Wissen in speziellen Workshops und Seminaren an Touristikerinnen und Touristiker weiter. Denn ob PR-Text oder Medienaussendung, Direkt-Mail, Folder oder Internetauftritt &#8211; gute Tourismustexte folgen besonderen Regeln:<\/p>\n<ul>\n<li>Leicht lesbar m\u00fcssen sie sein und trotzdem sprachlich auf hohem Niveau,<\/li>\n<li>neugierig sollen sie machen und gleichzeitig auf lustvolle Weise informieren,<\/li>\n<li>die Reiselust m\u00fcssen sie wecken und dabei der richtigen Zielgruppe die richtigen Angebote unterbreiten.<\/li>\n<\/ul>\n<p><span style=\"color: #cc0000;\"><strong>Von Spezialistinnen &#8230; <\/strong><\/span>In unseren Workshops und Seminaren steht die kompakte Vermittlung von Wissen im Vordergrund &#8211; praxisnah und anwendungsorientiert. Gelerntes kann sofort ausprobiert und umgesetzt werden.<br \/>\nZiel ist es, das kommunikative Potenzial aller TeilnehmerInnen individuell zu f\u00f6rdern. Und sie dabei zu unterst\u00fctzen, die touristischen Besonderheiten ihres Hauses \/ ihres Unternehmens \/ ihres Ortes \/ ihrer Region authentisch zu vermitteln.<\/p>\n<p><span style=\"color: #cc0000;\"><strong>&#8230; f\u00fcr SpezialistInnen:<\/strong><\/span> Unser Angebot an Inhouse-Workshops und Seminaren richtet sich an Landestourismusorgani\u00adsationen, Tourismusverb\u00e4nde, Hotels und Angebotsgruppen.<\/p>\n<p>Die individuellen Schreib-Coachings (Personal Coaching bzw. Klein-Gruppen) eignen sich besonders f\u00fcr schreibende MitarbeiterInnen von Hotels, Tourismusb\u00fcros und Tourismusverb\u00e4nden.<\/p>\n","protected":false},"excerpt":{"rendered":"<p>Ihre Medienaussendungen landen im Papierkorb? Ihre Homepage wird ignoriert? Ihre Direkt Mails bleiben unbeantwortet? Dann brauchen Sie Texte, die Sehnsucht wecken und Geschichten erz\u00e4hlen: authentisch, unterhaltsam &#8211; und trotzdem informativ. <\/p>\n","protected":false},"author":1,"featured_media":0,"parent":50,"menu_order":2,"comment_status":"closed","ping_status":"closed","template":"","meta":[],"_links":{"self":[{"href":"http:\/\/www.textundwort.at\/index.php?rest_route=\/wp\/v2\/pages\/37"}],"collection":[{"href":"http:\/\/www.textundwort.at\/index.php?rest_route=\/wp\/v2\/pages"}],"about":[{"href":"http:\/\/www.textundwort.at\/index.php?rest_route=\/wp\/v2\/types\/page"}],"author":[{"embeddable":true,"href":"http:\/\/www.textundwort.at\/index.php?rest_route=\/wp\/v2\/users\/1"}],"replies":[{"embeddable":true,"href":"http:\/\/www.textundwort.at\/index.php?rest_route=%2Fwp%2Fv2%2Fcomments&post=37"}],"version-history":[{"count":61,"href":"http:\/\/www.textundwort.at\/index.php?rest_route=\/wp\/v2\/pages\/37\/revisions"}],"predecessor-version":[{"id":1574,"href":"http:\/\/www.textundwort.at\/index.php?rest_route=\/wp\/v2\/pages\/37\/revisions\/1574"}],"up":[{"embeddable":true,"href":"http:\/\/www.textundwort.at\/index.php?rest_route=\/wp\/v2\/pages\/50"}],"wp:attachment":[{"href":"http:\/\/www.textundwort.at\/index.php?rest_route=%2Fwp%2Fv2%2Fmedia&parent=37"}],"curies":[{"name":"wp","href":"https:\/\/api.w.org\/{rel}","templated":true}]}}