{"id":35,"date":"2009-03-27T16:25:18","date_gmt":"2009-03-27T15:25:18","guid":{"rendered":"http:\/\/www.textundwort.at\/?page_id=35"},"modified":"2018-11-30T10:59:20","modified_gmt":"2018-11-30T09:59:20","slug":"referenzen","status":"publish","type":"page","link":"http:\/\/www.textundwort.at\/?page_id=35","title":{"rendered":"Referenzen &#8211; Auszug"},"content":{"rendered":"<p><span style=\"color: #cc0000;\"><strong>Text &amp; PR<\/strong><\/span><\/p>\n<p>Nieder\u00f6sterreich Werbung<br \/>\nOber\u00f6sterreich Tourismus<br \/>\nCon.os Tourismusconsulting GmbH<br \/>\nBregenzerwald Tourismus<br \/>\nN\u00d6 Regionalmanagement Mitte West<br \/>\nUrlaub am Bauernhof Pielachtal<br \/>\nSalzburger Land Tourismus GmbH<br \/>\nSecretary Academy, Wien<br \/>\nLeader+ Kamptal<br \/>\nW\u00f6rthersee Tourismus<br \/>\nUniversit\u00e4tslehrgang f\u00fcr Tourismuswirtschaft, Wien<br \/>\nABG (Austria Bio Garantie)<\/p>\n<p><span style=\"color: #cc0000;\"><strong>Tourismusspezifisches (z. B. Package-Gestaltung)<\/strong><\/span><\/p>\n<p>Nieder\u00f6sterreich Werbung<br \/>\nDonau Nieder\u00f6sterreich Genie\u00dferzimmerbetriebe<br \/>\n50+ Hotels \u00d6sterreich<br \/>\nSteiermark Werbung<br \/>\nSteirisches Thermenland<br \/>\nLandlust Steiermark<br \/>\nWIFI Wien (im Rahmen der Fremdenf\u00fchrerausbildung)<\/p>\n<p><span style=\"color: #cc0000;\"><strong>Kommunikation &amp; Kreativit\u00e4t<\/strong><\/span><\/p>\n<p>\u00d6PWZ &#8211; \u00d6sterreichisches Produktivit\u00e4ts- und Wirtschaftlichkeits-Zentrum<br \/>\nARS \u2013 Akademie f\u00fcr Recht, Steuern und Wirtschaft<br \/>\nBundesministerien (u.a. Wissenschaft und Bildung, Gesundheit, Justiz)<br \/>\nWiener Stadtwerke<br \/>\nArbeiterkammer Wien &#8211; Gesundheitsberufe<br \/>\nSALK &#8211; Salzburger Landeskliniken Bildungszentrum<br \/>\nWilhelminenspital \/ Pflegeheim Barmherzige Br\u00fcder<br \/>\nCaritas Wien \/\u00a0Caritas Linz<br \/>\nNovartis<br \/>\nABBVIE<br \/>\nMTH Retail Group<br \/>\nZurich Versicherung<\/p>\n","protected":false},"excerpt":{"rendered":"<p>Text &amp; PR Nieder\u00f6sterreich Werbung Ober\u00f6sterreich Tourismus Con.os Tourismusconsulting GmbH Bregenzerwald Tourismus N\u00d6 Regionalmanagement Mitte West Urlaub am Bauernhof Pielachtal Salzburger Land Tourismus GmbH Secretary Academy, Wien Leader+ Kamptal W\u00f6rthersee Tourismus Universit\u00e4tslehrgang f\u00fcr Tourismuswirtschaft, Wien ABG (Austria Bio Garantie) Tourismusspezifisches (z. B. Package-Gestaltung) Nieder\u00f6sterreich Werbung Donau Nieder\u00f6sterreich Genie\u00dferzimmerbetriebe 50+ Hotels \u00d6sterreich Steiermark Werbung Steirisches Thermenland [&hellip;]<\/p>\n","protected":false},"author":1,"featured_media":0,"parent":6,"menu_order":4,"comment_status":"closed","ping_status":"closed","template":"","meta":[],"_links":{"self":[{"href":"http:\/\/www.textundwort.at\/index.php?rest_route=\/wp\/v2\/pages\/35"}],"collection":[{"href":"http:\/\/www.textundwort.at\/index.php?rest_route=\/wp\/v2\/pages"}],"about":[{"href":"http:\/\/www.textundwort.at\/index.php?rest_route=\/wp\/v2\/types\/page"}],"author":[{"embeddable":true,"href":"http:\/\/www.textundwort.at\/index.php?rest_route=\/wp\/v2\/users\/1"}],"replies":[{"embeddable":true,"href":"http:\/\/www.textundwort.at\/index.php?rest_route=%2Fwp%2Fv2%2Fcomments&post=35"}],"version-history":[{"count":26,"href":"http:\/\/www.textundwort.at\/index.php?rest_route=\/wp\/v2\/pages\/35\/revisions"}],"predecessor-version":[{"id":2572,"href":"http:\/\/www.textundwort.at\/index.php?rest_route=\/wp\/v2\/pages\/35\/revisions\/2572"}],"up":[{"embeddable":true,"href":"http:\/\/www.textundwort.at\/index.php?rest_route=\/wp\/v2\/pages\/6"}],"wp:attachment":[{"href":"http:\/\/www.textundwort.at\/index.php?rest_route=%2Fwp%2Fv2%2Fmedia&parent=35"}],"curies":[{"name":"wp","href":"https:\/\/api.w.org\/{rel}","templated":true}]}}