{"id":2018,"date":"2016-07-17T19:40:12","date_gmt":"2016-07-17T17:40:12","guid":{"rendered":"http:\/\/www.textundwort.at\/?page_id=2018"},"modified":"2016-07-17T19:50:50","modified_gmt":"2016-07-17T17:50:50","slug":"kreativitaet","status":"publish","type":"page","link":"http:\/\/www.textundwort.at\/?page_id=2018","title":{"rendered":"Kreativit\u00e4t"},"content":{"rendered":"<p>Kreativ zu sein, neue Ideen zu entwickeln, Innovationen zu erm\u00f6glichen \u2013 das sind die Schl\u00fcsselqualifikationen der Zukunft. Der Weg zu mehr Kreativit\u00e4t: Neugier und Leidenschaft f\u00fcr ein Thema entwickeln, Perspektiven wechseln, gewohnte Denkmuster verlassen und dabei kreative Alltagsrituale einf\u00fchren, die ein animierendes Umfeld f\u00fcr innovative Ideen bilden.<\/p>\n<ul>\n<li>Vom linearen Denken zum \u201ekreativen Sprung\u201c<\/li>\n<li>Kreative Probleml\u00f6sungsprozesse in Gang setzen<\/li>\n<li>Kreativit\u00e4ts-Knowhow &amp; Kreativit\u00e4tstechniken<\/li>\n<li>Innovationsmanagement \u2013 von der Idee zur Umsetzung<\/li>\n<\/ul>\n","protected":false},"excerpt":{"rendered":"<p>Kreativ zu sein, neue Ideen zu entwickeln, Innovationen zu erm\u00f6glichen \u2013 das sind die Schl\u00fcsselqualifikationen der Zukunft. Der Weg zu mehr Kreativit\u00e4t: Neugier und Leidenschaft f\u00fcr ein Thema entwickeln, Perspektiven wechseln, gewohnte Denkmuster verlassen und dabei kreative Alltagsrituale einf\u00fchren, die ein animierendes Umfeld f\u00fcr innovative Ideen bilden. Vom linearen Denken zum \u201ekreativen Sprung\u201c Kreative Probleml\u00f6sungsprozesse [&hellip;]<\/p>\n","protected":false},"author":4,"featured_media":0,"parent":56,"menu_order":10,"comment_status":"closed","ping_status":"closed","template":"tmpl_teaserseite.php","meta":[],"_links":{"self":[{"href":"http:\/\/www.textundwort.at\/index.php?rest_route=\/wp\/v2\/pages\/2018"}],"collection":[{"href":"http:\/\/www.textundwort.at\/index.php?rest_route=\/wp\/v2\/pages"}],"about":[{"href":"http:\/\/www.textundwort.at\/index.php?rest_route=\/wp\/v2\/types\/page"}],"author":[{"embeddable":true,"href":"http:\/\/www.textundwort.at\/index.php?rest_route=\/wp\/v2\/users\/4"}],"replies":[{"embeddable":true,"href":"http:\/\/www.textundwort.at\/index.php?rest_route=%2Fwp%2Fv2%2Fcomments&post=2018"}],"version-history":[{"count":5,"href":"http:\/\/www.textundwort.at\/index.php?rest_route=\/wp\/v2\/pages\/2018\/revisions"}],"predecessor-version":[{"id":2029,"href":"http:\/\/www.textundwort.at\/index.php?rest_route=\/wp\/v2\/pages\/2018\/revisions\/2029"}],"up":[{"embeddable":true,"href":"http:\/\/www.textundwort.at\/index.php?rest_route=\/wp\/v2\/pages\/56"}],"wp:attachment":[{"href":"http:\/\/www.textundwort.at\/index.php?rest_route=%2Fwp%2Fv2%2Fmedia&parent=2018"}],"curies":[{"name":"wp","href":"https:\/\/api.w.org\/{rel}","templated":true}]}}