{"id":2,"date":"2009-03-19T13:20:14","date_gmt":"2009-03-19T12:20:14","guid":{"rendered":"http:\/\/www.textundwort.at\/?page_id=2"},"modified":"2018-05-09T12:22:52","modified_gmt":"2018-05-09T10:22:52","slug":"impressum","status":"publish","type":"page","link":"http:\/\/www.textundwort.at\/?page_id=2","title":{"rendered":"Impressum"},"content":{"rendered":"<p><strong><a href=\"http:\/\/www.textundwort.at\/?attachment_id=1613\" rel=\"attachment wp-att-1613\"><img loading=\"lazy\" class=\"alignleft size-medium wp-image-1613\" title=\"ursula krebs 2\" src=\"http:\/\/www.textundwort.at\/wp-content\/uploads\/2009\/03\/ursula-krebs-21-169x255.jpg\" alt=\"\" width=\"169\" height=\"255\" srcset=\"http:\/\/www.textundwort.at\/wp-content\/uploads\/2009\/03\/ursula-krebs-21-169x255.jpg 169w, http:\/\/www.textundwort.at\/wp-content\/uploads\/2009\/03\/ursula-krebs-21-399x600.jpg 399w\" sizes=\"(max-width: 169px) 100vw, 169px\" \/><\/a>Ursula In\u00e9z Krebs<\/strong><\/p>\n<p>Text * Konzept * Kommunikation<\/p>\n<p style=\"text-align: left;\">Stuwerstra\u00dfe 20\/22<\/p>\n<p style=\"text-align: left;\">1020 Wien<\/p>\n<p style=\"text-align: left;\">T +43 (0) 699\/115 399 61<\/p>\n<p style=\"text-align: left;\">krebs [at] textundwort [dot] at<\/p>\n<p><img loading=\"lazy\" class=\"size-medium wp-image-1615 alignleft\" title=\"ulrike kinz 2\" src=\"http:\/\/www.textundwort.at\/wp-content\/uploads\/2009\/03\/ulrike-kinz-2-157x255.jpg\" alt=\"\" width=\"157\" height=\"255\" srcset=\"http:\/\/www.textundwort.at\/wp-content\/uploads\/2009\/03\/ulrike-kinz-2-157x255.jpg 157w, http:\/\/www.textundwort.at\/wp-content\/uploads\/2009\/03\/ulrike-kinz-2-369x600.jpg 369w, http:\/\/www.textundwort.at\/wp-content\/uploads\/2009\/03\/ulrike-kinz-2.jpg 1940w\" sizes=\"(max-width: 157px) 100vw, 157px\" \/><\/p>\n<p style=\"text-align: left;\"><strong style=\"text-align: right;\">Ulrike Willam-Kinz<\/strong><\/p>\n<p style=\"text-align: left;\"><span style=\"text-align: right;\">Kinz Kommunikation<\/span><\/p>\n<p style=\"text-align: left;\"><span style=\"text-align: right;\">Tuchlauben 18\/15<\/span><\/p>\n<p style=\"text-align: left;\"><span style=\"text-align: right;\">1010 Wien<\/span><\/p>\n<p style=\"text-align: left;\"><span style=\"text-align: right;\">T +43 (0) 1\/533 38 55<\/span><\/p>\n<p style=\"text-align: left;\"><span style=\"text-align: right;\">F +43 (0) 1\/533 38 55-50<\/span><\/p>\n<p style=\"text-align: left;\"><span style=\"text-align: right;\">M +43 (0) 676\/300 79 71<\/span><\/p>\n<p style=\"text-align: left;\"><span style=\"text-align: right;\">kinz [at] textundwort [dot] at<\/span><\/p>\n<p>&nbsp;<\/p>\n<p>Haftungshinweis: Trotz sorgf\u00e4ltiger inhaltlicher Kontrolle \u00fcbernehmen wir keine Haftung f\u00fcr die Inhalte externer Links. F\u00fcr den Inhalt der verlinkten Seiten sind ausschlie\u00dflich deren Betreiber verantwortlich.<\/p>\n","protected":false},"excerpt":{"rendered":"<p>Ursula In\u00e9z Krebs Text * Konzept * Kommunikation Stuwerstra\u00dfe 20\/22 1020 Wien T +43 (0) 699\/115 399 61 krebs [at] textundwort [dot] at Ulrike Willam-Kinz Kinz Kommunikation Tuchlauben 18\/15 1010 Wien T +43 (0) 1\/533 38 55 F +43 (0) 1\/533 38 55-50 M +43 (0) 676\/300 79 71 kinz [at] textundwort [dot] at &nbsp; [&hellip;]<\/p>\n","protected":false},"author":1,"featured_media":0,"parent":50,"menu_order":99,"comment_status":"closed","ping_status":"closed","template":"","meta":[],"_links":{"self":[{"href":"http:\/\/www.textundwort.at\/index.php?rest_route=\/wp\/v2\/pages\/2"}],"collection":[{"href":"http:\/\/www.textundwort.at\/index.php?rest_route=\/wp\/v2\/pages"}],"about":[{"href":"http:\/\/www.textundwort.at\/index.php?rest_route=\/wp\/v2\/types\/page"}],"author":[{"embeddable":true,"href":"http:\/\/www.textundwort.at\/index.php?rest_route=\/wp\/v2\/users\/1"}],"replies":[{"embeddable":true,"href":"http:\/\/www.textundwort.at\/index.php?rest_route=%2Fwp%2Fv2%2Fcomments&post=2"}],"version-history":[{"count":71,"href":"http:\/\/www.textundwort.at\/index.php?rest_route=\/wp\/v2\/pages\/2\/revisions"}],"predecessor-version":[{"id":2446,"href":"http:\/\/www.textundwort.at\/index.php?rest_route=\/wp\/v2\/pages\/2\/revisions\/2446"}],"up":[{"embeddable":true,"href":"http:\/\/www.textundwort.at\/index.php?rest_route=\/wp\/v2\/pages\/50"}],"wp:attachment":[{"href":"http:\/\/www.textundwort.at\/index.php?rest_route=%2Fwp%2Fv2%2Fmedia&parent=2"}],"curies":[{"name":"wp","href":"https:\/\/api.w.org\/{rel}","templated":true}]}}