{"id":1688,"date":"2014-09-15T19:38:25","date_gmt":"2014-09-15T17:38:25","guid":{"rendered":"http:\/\/www.textundwort.at\/?page_id=1688"},"modified":"2014-11-02T20:57:02","modified_gmt":"2014-11-02T19:57:02","slug":"ladies-only-mannersprache-frauensprache","status":"publish","type":"page","link":"http:\/\/www.textundwort.at\/?page_id=1688","title":{"rendered":"Ladies only: M\u00e4nnersprache &#8211; Frauensprache"},"content":{"rendered":"<p><strong>Was M<\/strong><strong>\u00e4<\/strong><strong>nner h<\/strong><strong>\u00f6<\/strong><strong>ren, wenn Frauen reden. Was Frauen sagen m<\/strong><strong>\u00fc<\/strong><strong>ssen, damit M<\/strong><strong>\u00e4<\/strong><strong>nner sie verstehen.<\/strong><\/p>\n<p><span style=\"color: #d60000;\"><strong>Warum?<\/strong>\u00a0<\/span>Frauen kommunizieren anders als M\u00e4nner. Nicht schlechter. Nicht besser. Nur anders. Theoretisch wissen wir das. In der Praxis f\u00fchren die unterschiedlichen Kommunikationsmuster trotzdem zu Missverst\u00e4ndnissen und Konflikten. Wenn Frauen sich bewusst machen, wie M\u00e4nner sprachlich &#8222;ticken&#8220;, lassen sich viele Irritationen vermeiden. Denn wer als Frau auch &#8222;M\u00e4nnersprache&#8220; beherrscht, wird geh\u00f6rt, verstanden &#8211; und ernst genommen.<\/p>\n<p><strong><span style=\"color: #e5192e;\">Was?\u00a0<\/span>In diesem Workshop lernen und \u00fcben die Teilnehmerinnen<\/strong><\/p>\n<ul>\n<li>ihre &#8222;<strong>typisch weiblichen\u00a0Kommunikationsmuster&#8220;<\/strong>\u00a0zu erkennen und situationsbezogen zu adaptieren<\/li>\n<li>die\u00a0kommunikativen Bed\u00fcrfnisse von M\u00e4nnern zu entschl\u00fcsseln<\/li>\n<li>m\u00e4nnliche Manipulationsstrategien zu durchschauen und erfolgreich abzuwehren<\/li>\n<li>Konflikstrategien zu erarbeiten \u2013\u00a0<strong>konstruktive Kritik<\/strong>\u00a0zu \u00fcben<\/li>\n<li>Ihre eigenen rhetorischen St\u00e4rken einzusetzen und dadurch<\/li>\n<li>Win-Win-Situationen zu schaffen<\/li>\n<\/ul>\n<p><span style=\"color: #d60000;\"><strong>Wer?<\/strong>\u00a0<\/span>Dieser Gender-Workshop ist ideal, wenn Sie Ihr Kommunikations- und Handlungsrepertoire erweitern und kommunikative Missverst\u00e4ndnisse mit Gespr\u00e4chspartern des anderen Geschlechts vermeiden wollen.<\/p>\n<p><span style=\"color: #e5192e;\"><strong>Teilnehmerzahl:<\/strong>\u00a0<\/span>bis zu 15 TeilnehmerInnen<\/p>\n<p><span style=\"color: #e5192e;\"><strong>Dauer &amp; Form:<\/strong><\/span><\/p>\n<p><span style=\"color: #000000;\"><strong>Kurzvariante<\/strong>: <\/span>4 Stunden: Powerpoint-Impulsvortrag mit 1 \u2013 2 \u00dcbungseinheiten (Follow-up empfohlen)<\/p>\n<p><strong>1-Tages-Seminar:<\/strong>\u00a0Workshop mit praxisnahen Arbeits- und \u00dcbungseinheiten<\/p>\n<p><strong>2-Tages-Intensiv-Workshop<\/strong>: Impulsvortr\u00e4ge, Einzel- und Gruppenarbeiten, Diskussions- und Feedbackrunden aus der eigenen Erfahrungswelt der Teilnehmerinnen, \u00dcbungsdialoge und Rollenspiele<\/p>\n<p><span style=\"color: #e5192e;\"><strong>Kosten Firmen-\/Inhouse Seminare:<\/strong>\u00a0<\/span>Bitte kontaktieren Sie uns per Mail oder Telefon. Wir erstellen f\u00fcr Sie gerne ein individuelles Angebot \u2013 auf Ihre W\u00fcnsche und Bed\u00fcrfnisse zugeschnitten, basierend auf Teilnehmerzahl und Gruppenzusammensetzung.<\/p>\n<p>Das Angebot enth\u00e4lt s\u00e4mtliche Leistungen: Trainerhonorar und eventuell anfallende Spesen, Konzeption und Nachbereitung, ausf\u00fchrliche Seminarunterlagen und Feedbackb\u00f6gen.<\/p>\n","protected":false},"excerpt":{"rendered":"<p>Frauen kommunizieren anders als M\u00e4nner. Nicht schlechter. Nicht besser. Nur anders.<\/p>\n","protected":false},"author":4,"featured_media":0,"parent":762,"menu_order":5,"comment_status":"closed","ping_status":"closed","template":"","meta":[],"_links":{"self":[{"href":"http:\/\/www.textundwort.at\/index.php?rest_route=\/wp\/v2\/pages\/1688"}],"collection":[{"href":"http:\/\/www.textundwort.at\/index.php?rest_route=\/wp\/v2\/pages"}],"about":[{"href":"http:\/\/www.textundwort.at\/index.php?rest_route=\/wp\/v2\/types\/page"}],"author":[{"embeddable":true,"href":"http:\/\/www.textundwort.at\/index.php?rest_route=\/wp\/v2\/users\/4"}],"replies":[{"embeddable":true,"href":"http:\/\/www.textundwort.at\/index.php?rest_route=%2Fwp%2Fv2%2Fcomments&post=1688"}],"version-history":[{"count":12,"href":"http:\/\/www.textundwort.at\/index.php?rest_route=\/wp\/v2\/pages\/1688\/revisions"}],"predecessor-version":[{"id":1730,"href":"http:\/\/www.textundwort.at\/index.php?rest_route=\/wp\/v2\/pages\/1688\/revisions\/1730"}],"up":[{"embeddable":true,"href":"http:\/\/www.textundwort.at\/index.php?rest_route=\/wp\/v2\/pages\/762"}],"wp:attachment":[{"href":"http:\/\/www.textundwort.at\/index.php?rest_route=%2Fwp%2Fv2%2Fmedia&parent=1688"}],"curies":[{"name":"wp","href":"https:\/\/api.w.org\/{rel}","templated":true}]}}