{"id":1429,"date":"2013-07-01T13:51:58","date_gmt":"2013-07-01T11:51:58","guid":{"rendered":"http:\/\/www.textundwort.at\/?page_id=1429"},"modified":"2013-07-01T14:13:12","modified_gmt":"2013-07-01T12:13:12","slug":"tourismus-spezialt","status":"publish","type":"page","link":"http:\/\/www.textundwort.at\/?page_id=1429","title":{"rendered":"Tourismus &#8211; Spezial"},"content":{"rendered":"<p>Urlaub wird mit Genuss verbunden. Kein stressiger Arbeitsalltag, keine Verpflichtungen. \u00a0Daf\u00fcr jede Menge Zeit f\u00fcr Dinge, die Spa\u00df machen, die gut tun und Vergn\u00fcgen bereiten.\u00a0Auch <strong>touristische Texte<\/strong> sollen genussvoll zu lesen sein. Ob das Hausprospekt oder die\u00a0G\u00e4stemappe, eine Speisekarte oder der Folder mit dem aktuellen Wellnessangebot \u2013 G\u00e4ste lieben Lesestoff, der spannende Geschichten erz\u00e4hlt, neugierig macht, Sehnsucht weckt und Lust bereitet. Die <strong>Workshops<\/strong> zu den <strong>Spezialthemen<\/strong> vermitteln in kompakter Form:<\/p>\n<ul>\n<li>wie aus einer \u201eInformation\u201c eine \u201eGeschichte\u201c wird,<\/li>\n<li>wie man seine G\u00e4ste mit Worten auf eine Entdeckungsreise schickt,<\/li>\n<li>wie Texte klingen, die man \u201emit den Ohren sehen\u201c kann,<\/li>\n<li>was zwischen den Zeilen zu lesen sein darf,<\/li>\n<li>warum Geheimtipps einen Urlaub mit \u201eMehrwert\u201c garantieren,<\/li>\n<li>wie sich anregende Texte mit leichter Hand schreiben lassen.<\/li>\n<\/ul>\n","protected":false},"excerpt":{"rendered":"<p>Urlaub wird mit Genuss verbunden. Kein stressiger Arbeitsalltag, keine Verpflichtungen. \u00a0Daf\u00fcr jede Menge Zeit f\u00fcr Dinge, die Spa\u00df machen, die gut tun und Vergn\u00fcgen bereiten.\u00a0Auch touristische Texte sollen genussvoll zu lesen sein. Ob das Hausprospekt oder die\u00a0G\u00e4stemappe, eine Speisekarte oder der Folder mit dem aktuellen Wellnessangebot \u2013 G\u00e4ste lieben Lesestoff, der spannende Geschichten erz\u00e4hlt, neugierig [&hellip;]<\/p>\n","protected":false},"author":4,"featured_media":0,"parent":56,"menu_order":4,"comment_status":"closed","ping_status":"closed","template":"tmpl_teaserseite.php","meta":[],"_links":{"self":[{"href":"http:\/\/www.textundwort.at\/index.php?rest_route=\/wp\/v2\/pages\/1429"}],"collection":[{"href":"http:\/\/www.textundwort.at\/index.php?rest_route=\/wp\/v2\/pages"}],"about":[{"href":"http:\/\/www.textundwort.at\/index.php?rest_route=\/wp\/v2\/types\/page"}],"author":[{"embeddable":true,"href":"http:\/\/www.textundwort.at\/index.php?rest_route=\/wp\/v2\/users\/4"}],"replies":[{"embeddable":true,"href":"http:\/\/www.textundwort.at\/index.php?rest_route=%2Fwp%2Fv2%2Fcomments&post=1429"}],"version-history":[{"count":5,"href":"http:\/\/www.textundwort.at\/index.php?rest_route=\/wp\/v2\/pages\/1429\/revisions"}],"predecessor-version":[{"id":1450,"href":"http:\/\/www.textundwort.at\/index.php?rest_route=\/wp\/v2\/pages\/1429\/revisions\/1450"}],"up":[{"embeddable":true,"href":"http:\/\/www.textundwort.at\/index.php?rest_route=\/wp\/v2\/pages\/56"}],"wp:attachment":[{"href":"http:\/\/www.textundwort.at\/index.php?rest_route=%2Fwp%2Fv2%2Fmedia&parent=1429"}],"curies":[{"name":"wp","href":"https:\/\/api.w.org\/{rel}","templated":true}]}}