{"id":141,"date":"2009-04-01T16:03:00","date_gmt":"2009-04-01T15:03:00","guid":{"rendered":"http:\/\/www.textundwort.at\/?page_id=141"},"modified":"2022-11-08T12:15:39","modified_gmt":"2022-11-08T11:15:39","slug":"fur-teilnehmer","status":"publish","type":"page","link":"http:\/\/www.textundwort.at\/?page_id=141","title":{"rendered":"Kosten"},"content":{"rendered":"<p style=\"text-align: left;\"><span style=\"font-family: arial,helvetica,sans-serif;\"><span style=\"color: #cc0000;\"><strong>Offene Seminare<\/strong><\/span><br \/>\nDie Preise f\u00fcr offene Seminare und Workshops finden Sie direkt beim jeweiligen Seminarangebot.<\/span><\/p>\n<p style=\"text-align: left;\"><span style=\"font-family: arial,helvetica,sans-serif;\"><span style=\"color: #cc0000;\"><strong>Firmenseminare \/ Inhouse Angebote<\/strong><\/span><br \/>\nBitte kontaktieren Sie uns per Mail oder Telefon. Wir erstellen f\u00fcr Sie gerne ein individuelles, auf Ihre W\u00fcnsche und Bed\u00fcrfnisse zugeschnittenes Angebot. <\/span><\/p>\n<ul style=\"text-align: left;\">\n<li><span style=\"font-family: arial,helvetica,sans-serif;\">Sie w\u00e4hlen Seminarort, Seminartermin und Seminarzeiten<\/span><\/li>\n<li><span style=\"font-family: arial,helvetica,sans-serif;\">Sie bestimmen die TeilnehmerInnenzahl und die Gruppenzusammensetzung<\/span><\/li>\n<\/ul>\n<p>Die Kosten liegen je nach Thema und Aufwand zwischen<br \/>\n\u20ac 850,- (Vortr\u00e4ge, Mini-Workshops) und \u20ac 1.800 (exkl. Ust.)<\/p>\n<p>Folgende Leistungen sind enthalten:<\/p>\n<ul style=\"text-align: left;\">\n<li><span style=\"font-family: arial,helvetica,sans-serif;\">TrainerInnenhonorar\u00a0<\/span><\/li>\n<li><span style=\"font-family: arial,helvetica,sans-serif;\">Konzeption und Vorbereitung des Seminars\/Workshops<\/span><\/li>\n<li><span style=\"font-family: arial,helvetica,sans-serif;\">Durchf\u00fchrung des Seminars<\/span><\/li>\n<li><span style=\"font-family: arial,helvetica,sans-serif;\">Ausf\u00fchrliche Seminarunterlagen (Skriptum und Arbeitsbl\u00e4tter)<\/span><\/li>\n<li><span style=\"font-family: arial,helvetica,sans-serif;\">Nachbereitung <\/span><\/li>\n<li><span style=\"font-family: arial,helvetica,sans-serif;\">Feedbackb\u00f6gen\/Evaluation<\/span><\/li>\n<\/ul>\n<p>In diesem Angebot nicht enthalten sind Reise- und \u00dcbernachtungsspesen sowie die Vervielf\u00e4ltigung der Seminarunterlagen.<\/p>\n","protected":false},"excerpt":{"rendered":"<p>Offene Seminare Die Preise f\u00fcr offene Seminare und Workshops finden Sie direkt beim jeweiligen Seminarangebot. Firmenseminare \/ Inhouse Angebote Bitte kontaktieren Sie uns per Mail oder Telefon. Wir erstellen f\u00fcr Sie gerne ein individuelles, auf Ihre W\u00fcnsche und Bed\u00fcrfnisse zugeschnittenes Angebot. Sie w\u00e4hlen Seminarort, Seminartermin und Seminarzeiten Sie bestimmen die TeilnehmerInnenzahl und die Gruppenzusammensetzung Die [&hellip;]<\/p>\n","protected":false},"author":1,"featured_media":0,"parent":138,"menu_order":0,"comment_status":"closed","ping_status":"closed","template":"tmpl_teaserseite.php","meta":[],"_links":{"self":[{"href":"http:\/\/www.textundwort.at\/index.php?rest_route=\/wp\/v2\/pages\/141"}],"collection":[{"href":"http:\/\/www.textundwort.at\/index.php?rest_route=\/wp\/v2\/pages"}],"about":[{"href":"http:\/\/www.textundwort.at\/index.php?rest_route=\/wp\/v2\/types\/page"}],"author":[{"embeddable":true,"href":"http:\/\/www.textundwort.at\/index.php?rest_route=\/wp\/v2\/users\/1"}],"replies":[{"embeddable":true,"href":"http:\/\/www.textundwort.at\/index.php?rest_route=%2Fwp%2Fv2%2Fcomments&post=141"}],"version-history":[{"count":19,"href":"http:\/\/www.textundwort.at\/index.php?rest_route=\/wp\/v2\/pages\/141\/revisions"}],"predecessor-version":[{"id":2322,"href":"http:\/\/www.textundwort.at\/index.php?rest_route=\/wp\/v2\/pages\/141\/revisions\/2322"}],"up":[{"embeddable":true,"href":"http:\/\/www.textundwort.at\/index.php?rest_route=\/wp\/v2\/pages\/138"}],"wp:attachment":[{"href":"http:\/\/www.textundwort.at\/index.php?rest_route=%2Fwp%2Fv2%2Fmedia&parent=141"}],"curies":[{"name":"wp","href":"https:\/\/api.w.org\/{rel}","templated":true}]}}