{"id":1309,"date":"2013-06-26T18:41:03","date_gmt":"2013-06-26T16:41:03","guid":{"rendered":"http:\/\/www.textundwort.at\/?page_id=1309"},"modified":"2013-07-01T13:52:29","modified_gmt":"2013-07-01T11:52:29","slug":"pr-tourismus-spezial","status":"publish","type":"page","link":"http:\/\/www.textundwort.at\/?page_id=1309","title":{"rendered":"Tourismus &#8211; PR"},"content":{"rendered":"<p>Medien sind unverzichtbare Informations-Verteiler, JournalistInnen sind wichtige <strong>Meinungsmacher<\/strong> und <strong>Multiplikatoren<\/strong>. Doch l\u00e4ngst nicht alle Informationen, die t\u00e4glich verschickt werden, sind auch journalistisch nutzbar. Gefragt sind aussagekr\u00e4ftige Texte, zielgruppengerechte Medienarbeit und last, but not least, auch pers\u00f6nliche Kontakte. Denn je professioneller eine Journalistin\/ein Journalist betreut wird, desto gr\u00f6\u00dfer die Bereitschaft zur Kooperation. In unseren <strong>Basisseminaren<\/strong> und <strong>Aufbauworkshops<\/strong> lernen Sie<\/p>\n<ul>\n<li>die wichtigsten Kriterien kennen, die ein Medientext erf\u00fcllen muss, um ver\u00f6ffentlicht zu werden<\/li>\n<li>die relevanten Regeln f\u00fcr den optimalen Aufbau von Medientexten<\/li>\n<li>das Instrument \u201eMedienarbeit\u201c optimal einzusetzen (inkl. Medienkontakt, Medienreisen, Mediengespr\u00e4che, Medienkooperationen etc.)<\/li>\n<li>JournlistInnen als KooperationspartnerInnen zu betrachten und deren Sicht der Dinge zu begreifen<\/li>\n<\/ul>\n","protected":false},"excerpt":{"rendered":"<p>Medien sind unverzichtbare Informations-Verteiler, JournalistInnen sind wichtige Meinungsmacher und Multiplikatoren. Doch l\u00e4ngst nicht alle Informationen, die t\u00e4glich verschickt werden, sind auch journalistisch nutzbar. Gefragt sind aussagekr\u00e4ftige Texte, zielgruppengerechte Medienarbeit und last, but not least, auch pers\u00f6nliche Kontakte. Denn je professioneller eine Journalistin\/ein Journalist betreut wird, desto gr\u00f6\u00dfer die Bereitschaft zur Kooperation. In unseren Basisseminaren und [&hellip;]<\/p>\n","protected":false},"author":4,"featured_media":0,"parent":56,"menu_order":6,"comment_status":"closed","ping_status":"closed","template":"tmpl_teaserseite.php","meta":[],"_links":{"self":[{"href":"http:\/\/www.textundwort.at\/index.php?rest_route=\/wp\/v2\/pages\/1309"}],"collection":[{"href":"http:\/\/www.textundwort.at\/index.php?rest_route=\/wp\/v2\/pages"}],"about":[{"href":"http:\/\/www.textundwort.at\/index.php?rest_route=\/wp\/v2\/types\/page"}],"author":[{"embeddable":true,"href":"http:\/\/www.textundwort.at\/index.php?rest_route=\/wp\/v2\/users\/4"}],"replies":[{"embeddable":true,"href":"http:\/\/www.textundwort.at\/index.php?rest_route=%2Fwp%2Fv2%2Fcomments&post=1309"}],"version-history":[{"count":26,"href":"http:\/\/www.textundwort.at\/index.php?rest_route=\/wp\/v2\/pages\/1309\/revisions"}],"predecessor-version":[{"id":1432,"href":"http:\/\/www.textundwort.at\/index.php?rest_route=\/wp\/v2\/pages\/1309\/revisions\/1432"}],"up":[{"embeddable":true,"href":"http:\/\/www.textundwort.at\/index.php?rest_route=\/wp\/v2\/pages\/56"}],"wp:attachment":[{"href":"http:\/\/www.textundwort.at\/index.php?rest_route=%2Fwp%2Fv2%2Fmedia&parent=1309"}],"curies":[{"name":"wp","href":"https:\/\/api.w.org\/{rel}","templated":true}]}}